{"id":775,"date":"2019-11-20T14:58:50","date_gmt":"2019-11-20T13:58:50","guid":{"rendered":"https:\/\/www.desbief.com\/WpGuy\/?page_id=775"},"modified":"2022-09-17T22:10:43","modified_gmt":"2022-09-17T20:10:43","slug":"ps-remote-command-english-video","status":"publish","type":"page","link":"https:\/\/www.desbief.com\/WpGuy\/ps-remote-command-english-video\/","title":{"rendered":"PS Remote Command English Video"},"content":{"rendered":"<div style=\"width: 640px;\" class=\"wp-video\"><video class=\"wp-video-shortcode\" id=\"video-775-1\" width=\"640\" height=\"360\" preload=\"metadata\" controls=\"controls\"><source type=\"video\/mp4\" src=\"https:\/\/www.desbief.com\/WpGuy\/wp-content\/uploads\/2020\/01\/PsRemoteCommandV5.0-En-1rf20.00-1.mp4?_=1\" \/><a href=\"https:\/\/www.desbief.com\/WpGuy\/wp-content\/uploads\/2020\/01\/PsRemoteCommandV5.0-En-1rf20.00-1.mp4\">https:\/\/www.desbief.com\/WpGuy\/wp-content\/uploads\/2020\/01\/PsRemoteCommandV5.0-En-1rf20.00-1.mp4<\/a><\/video><\/div>\n","protected":false},"excerpt":{"rendered":"<p>https:\/\/www.desbief.com\/WpGuy\/wp-content\/uploads\/2020\/01\/PsRemoteCommandV5.0-En-1rf20.00-1.mp4<\/p>\n","protected":false},"author":3,"featured_media":0,"parent":0,"menu_order":0,"comment_status":"closed","ping_status":"closed","template":"","meta":{"footnotes":""},"class_list":["post-775","page","type-page","status-publish","hentry","entry"],"yoast_head":"<!-- This site is optimized with the Yoast SEO plugin v26.7 - https:\/\/yoast.com\/wordpress\/plugins\/seo\/ -->\n<title>PS Remote Command English Video - Guy Desbief Ing\u00e9nieur conseil<\/title>\n<meta name=\"robots\" content=\"index, follow, max-snippet:-1, max-image-preview:large, max-video-preview:-1\" \/>\n<link rel=\"canonical\" href=\"https:\/\/www.desbief.com\/WpGuy\/ps-remote-command-english-video\/\" \/>\n<meta property=\"og:locale\" content=\"fr_FR\" \/>\n<meta property=\"og:type\" content=\"article\" \/>\n<meta property=\"og:title\" content=\"PS Remote Command English Video - Guy Desbief Ing\u00e9nieur conseil\" \/>\n<meta property=\"og:description\" content=\"https:\/\/www.desbief.com\/WpGuy\/wp-content\/uploads\/2020\/01\/PsRemoteCommandV5.0-En-1rf20.00-1.mp4\" \/>\n<meta property=\"og:url\" content=\"https:\/\/www.desbief.com\/WpGuy\/ps-remote-command-english-video\/\" \/>\n<meta property=\"og:site_name\" content=\"Guy Desbief Ing\u00e9nieur conseil\" \/>\n<meta property=\"article:modified_time\" content=\"2022-09-17T20:10:43+00:00\" \/>\n<meta name=\"twitter:card\" content=\"summary_large_image\" \/>\n<meta name=\"twitter:label1\" content=\"Dur\u00e9e de lecture estim\u00e9e\" \/>\n\t<meta name=\"twitter:data1\" content=\"1 minute\" \/>\n<script type=\"application\/ld+json\" class=\"yoast-schema-graph\">{\"@context\":\"https:\/\/schema.org\",\"@graph\":[{\"@type\":\"WebPage\",\"@id\":\"https:\/\/www.desbief.com\/WpGuy\/ps-remote-command-english-video\/\",\"url\":\"https:\/\/www.desbief.com\/WpGuy\/ps-remote-command-english-video\/\",\"name\":\"PS Remote Command English Video - Guy Desbief Ing\u00e9nieur conseil\",\"isPartOf\":{\"@id\":\"https:\/\/www.desbief.com\/WpGuy\/#website\"},\"datePublished\":\"2019-11-20T13:58:50+00:00\",\"dateModified\":\"2022-09-17T20:10:43+00:00\",\"breadcrumb\":{\"@id\":\"https:\/\/www.desbief.com\/WpGuy\/ps-remote-command-english-video\/#breadcrumb\"},\"inLanguage\":\"fr-FR\",\"potentialAction\":[{\"@type\":\"ReadAction\",\"target\":[\"https:\/\/www.desbief.com\/WpGuy\/ps-remote-command-english-video\/\"]}]},{\"@type\":\"BreadcrumbList\",\"@id\":\"https:\/\/www.desbief.com\/WpGuy\/ps-remote-command-english-video\/#breadcrumb\",\"itemListElement\":[{\"@type\":\"ListItem\",\"position\":1,\"name\":\"Accueil\",\"item\":\"https:\/\/www.desbief.com\/WpGuy\/\"},{\"@type\":\"ListItem\",\"position\":2,\"name\":\"PS Remote Command English Video\"}]},{\"@type\":\"WebSite\",\"@id\":\"https:\/\/www.desbief.com\/WpGuy\/#website\",\"url\":\"https:\/\/www.desbief.com\/WpGuy\/\",\"name\":\"Guy Desbief Ing\u00e9nieur conseil\",\"description\":\"Electronique, Informatique, Eco-Efficacit\u00e9 \u00e9nerg\u00e9tique conseil juridique\",\"publisher\":{\"@id\":\"https:\/\/www.desbief.com\/WpGuy\/#organization\"},\"potentialAction\":[{\"@type\":\"SearchAction\",\"target\":{\"@type\":\"EntryPoint\",\"urlTemplate\":\"https:\/\/www.desbief.com\/WpGuy\/?s={search_term_string}\"},\"query-input\":{\"@type\":\"PropertyValueSpecification\",\"valueRequired\":true,\"valueName\":\"search_term_string\"}}],\"inLanguage\":\"fr-FR\"},{\"@type\":\"Organization\",\"@id\":\"https:\/\/www.desbief.com\/WpGuy\/#organization\",\"name\":\"Guy Desbief Ing\u00e9nieur conseil\",\"url\":\"https:\/\/www.desbief.com\/WpGuy\/\",\"logo\":{\"@type\":\"ImageObject\",\"inLanguage\":\"fr-FR\",\"@id\":\"https:\/\/www.desbief.com\/WpGuy\/#\/schema\/logo\/image\/\",\"url\":\"https:\/\/www.desbief.com\/WpGuy\/wp-content\/uploads\/2021\/03\/cropped-cropped-ef-enLogoCarteDeVisiteGuyCrop-2-1.jpg\",\"contentUrl\":\"https:\/\/www.desbief.com\/WpGuy\/wp-content\/uploads\/2021\/03\/cropped-cropped-ef-enLogoCarteDeVisiteGuyCrop-2-1.jpg\",\"width\":190,\"height\":190,\"caption\":\"Guy Desbief Ing\u00e9nieur conseil\"},\"image\":{\"@id\":\"https:\/\/www.desbief.com\/WpGuy\/#\/schema\/logo\/image\/\"}}]}<\/script>\n<!-- \/ Yoast SEO plugin. -->","yoast_head_json":{"title":"PS Remote Command English Video - Guy Desbief Ing\u00e9nieur conseil","robots":{"index":"index","follow":"follow","max-snippet":"max-snippet:-1","max-image-preview":"max-image-preview:large","max-video-preview":"max-video-preview:-1"},"canonical":"https:\/\/www.desbief.com\/WpGuy\/ps-remote-command-english-video\/","og_locale":"fr_FR","og_type":"article","og_title":"PS Remote Command English Video - Guy Desbief Ing\u00e9nieur conseil","og_description":"https:\/\/www.desbief.com\/WpGuy\/wp-content\/uploads\/2020\/01\/PsRemoteCommandV5.0-En-1rf20.00-1.mp4","og_url":"https:\/\/www.desbief.com\/WpGuy\/ps-remote-command-english-video\/","og_site_name":"Guy Desbief Ing\u00e9nieur conseil","article_modified_time":"2022-09-17T20:10:43+00:00","twitter_card":"summary_large_image","twitter_misc":{"Dur\u00e9e de lecture estim\u00e9e":"1 minute"},"schema":{"@context":"https:\/\/schema.org","@graph":[{"@type":"WebPage","@id":"https:\/\/www.desbief.com\/WpGuy\/ps-remote-command-english-video\/","url":"https:\/\/www.desbief.com\/WpGuy\/ps-remote-command-english-video\/","name":"PS Remote Command English Video - Guy Desbief Ing\u00e9nieur conseil","isPartOf":{"@id":"https:\/\/www.desbief.com\/WpGuy\/#website"},"datePublished":"2019-11-20T13:58:50+00:00","dateModified":"2022-09-17T20:10:43+00:00","breadcrumb":{"@id":"https:\/\/www.desbief.com\/WpGuy\/ps-remote-command-english-video\/#breadcrumb"},"inLanguage":"fr-FR","potentialAction":[{"@type":"ReadAction","target":["https:\/\/www.desbief.com\/WpGuy\/ps-remote-command-english-video\/"]}]},{"@type":"BreadcrumbList","@id":"https:\/\/www.desbief.com\/WpGuy\/ps-remote-command-english-video\/#breadcrumb","itemListElement":[{"@type":"ListItem","position":1,"name":"Accueil","item":"https:\/\/www.desbief.com\/WpGuy\/"},{"@type":"ListItem","position":2,"name":"PS Remote Command English Video"}]},{"@type":"WebSite","@id":"https:\/\/www.desbief.com\/WpGuy\/#website","url":"https:\/\/www.desbief.com\/WpGuy\/","name":"Guy Desbief Ing\u00e9nieur conseil","description":"Electronique, Informatique, Eco-Efficacit\u00e9 \u00e9nerg\u00e9tique conseil juridique","publisher":{"@id":"https:\/\/www.desbief.com\/WpGuy\/#organization"},"potentialAction":[{"@type":"SearchAction","target":{"@type":"EntryPoint","urlTemplate":"https:\/\/www.desbief.com\/WpGuy\/?s={search_term_string}"},"query-input":{"@type":"PropertyValueSpecification","valueRequired":true,"valueName":"search_term_string"}}],"inLanguage":"fr-FR"},{"@type":"Organization","@id":"https:\/\/www.desbief.com\/WpGuy\/#organization","name":"Guy Desbief Ing\u00e9nieur conseil","url":"https:\/\/www.desbief.com\/WpGuy\/","logo":{"@type":"ImageObject","inLanguage":"fr-FR","@id":"https:\/\/www.desbief.com\/WpGuy\/#\/schema\/logo\/image\/","url":"https:\/\/www.desbief.com\/WpGuy\/wp-content\/uploads\/2021\/03\/cropped-cropped-ef-enLogoCarteDeVisiteGuyCrop-2-1.jpg","contentUrl":"https:\/\/www.desbief.com\/WpGuy\/wp-content\/uploads\/2021\/03\/cropped-cropped-ef-enLogoCarteDeVisiteGuyCrop-2-1.jpg","width":190,"height":190,"caption":"Guy Desbief Ing\u00e9nieur conseil"},"image":{"@id":"https:\/\/www.desbief.com\/WpGuy\/#\/schema\/logo\/image\/"}}]}},"_links":{"self":[{"href":"https:\/\/www.desbief.com\/WpGuy\/wp-json\/wp\/v2\/pages\/775","targetHints":{"allow":["GET"]}}],"collection":[{"href":"https:\/\/www.desbief.com\/WpGuy\/wp-json\/wp\/v2\/pages"}],"about":[{"href":"https:\/\/www.desbief.com\/WpGuy\/wp-json\/wp\/v2\/types\/page"}],"author":[{"embeddable":true,"href":"https:\/\/www.desbief.com\/WpGuy\/wp-json\/wp\/v2\/users\/3"}],"replies":[{"embeddable":true,"href":"https:\/\/www.desbief.com\/WpGuy\/wp-json\/wp\/v2\/comments?post=775"}],"version-history":[{"count":5,"href":"https:\/\/www.desbief.com\/WpGuy\/wp-json\/wp\/v2\/pages\/775\/revisions"}],"predecessor-version":[{"id":845,"href":"https:\/\/www.desbief.com\/WpGuy\/wp-json\/wp\/v2\/pages\/775\/revisions\/845"}],"wp:attachment":[{"href":"https:\/\/www.desbief.com\/WpGuy\/wp-json\/wp\/v2\/media?parent=775"}],"curies":[{"name":"wp","href":"https:\/\/api.w.org\/{rel}","templated":true}]}}