{"id":744,"date":"2019-11-19T18:02:54","date_gmt":"2019-11-19T17:02:54","guid":{"rendered":"https:\/\/www.desbief.com\/WpGuy\/?page_id=744"},"modified":"2022-09-17T22:08:00","modified_gmt":"2022-09-17T20:08:00","slug":"ipad-details-english","status":"publish","type":"page","link":"https:\/\/www.desbief.com\/WpGuy\/ipad-details-english\/","title":{"rendered":"iPad details English"},"content":{"rendered":"\n<h2 class=\"wp-block-heading\">English version for iPad<\/h2>\n\n\n\n<figure class=\"wp-block-image\"><img decoding=\"async\" src=\"https:\/\/www.desbief.com\/WpGuy\/wp-content\/uploads\/2021\/10\/EnIPad2019-10-06_18-16-48_IMG_0054-1024x768.jpg\" alt=\"\"\/><\/figure>\n\n\n\n<figure class=\"wp-block-image\"><img decoding=\"async\" src=\"https:\/\/www.desbief.com\/WpGuy\/wp-content\/uploads\/2021\/10\/EnIPad2019-10-06_18-17-19_IMG_0055-1024x768.jpg\" alt=\"\"\/><\/figure>\n\n\n\n<figure class=\"wp-block-image\"><img decoding=\"async\" src=\"https:\/\/www.desbief.com\/WpGuy\/wp-content\/uploads\/2021\/10\/EnIPad2019-10-06_18-17-55_IMG_0056-768x1024.jpg\" alt=\"\"\/><\/figure>\n\n\n\n<figure class=\"wp-block-image\"><img decoding=\"async\" src=\"https:\/\/www.desbief.com\/WpGuy\/wp-content\/uploads\/2021\/10\/EnIPad2019-10-06_18-18-16_IMG_0057-768x1024.jpg\" alt=\"\"\/><\/figure>\n\n\n\n<figure class=\"wp-block-image\"><img decoding=\"async\" src=\"https:\/\/www.desbief.com\/WpGuy\/wp-content\/uploads\/2021\/10\/EnIPad2019-10-06_18-18-34_IMG_0058-1024x768.jpg\" alt=\"\"\/><\/figure>\n\n\n\n<h2 class=\"wp-block-heading\">et en Fran\u00e7ais (iPad)<\/h2>\n\n\n\n<figure class=\"wp-block-image\"><img decoding=\"async\" src=\"https:\/\/www.desbief.com\/WpGuy\/wp-content\/uploads\/2021\/10\/FrIPad2019-10-06_18-09-06_IMG_0044-1024x768.jpg\" alt=\"\"\/><\/figure>\n\n\n\n<figure class=\"wp-block-image\"><img decoding=\"async\" src=\"https:\/\/www.desbief.com\/WpGuy\/wp-content\/uploads\/2021\/10\/FrIPad2019-10-06_18-10-25_IMG_0045-1-768x1024.jpg\" alt=\"\"\/><figcaption>Page de configuration du logiciel (Serveur Enlighten)<\/figcaption><\/figure>\n\n\n\n<figure class=\"wp-block-image\"><img decoding=\"async\" src=\"https:\/\/www.desbief.com\/WpGuy\/wp-content\/uploads\/2021\/10\/FrIPad2019-10-06_18-10-58_IMG_0046-768x1024.jpg\" alt=\"\"\/><figcaption>Page d&rsquo;aide<\/figcaption><\/figure>\n\n\n\n<p><\/p>\n\n\n\n<figure class=\"wp-block-image\"><img decoding=\"async\" src=\"https:\/\/www.desbief.com\/WpGuy\/wp-content\/uploads\/2021\/10\/FrIPad2019-10-06_18-12-20_IMG_0048-768x1024.jpg\" alt=\"\"\/><figcaption>Page de configuration r\u00e9seau<\/figcaption><\/figure>\n\n\n\n<p><\/p>\n\n\n\n<figure class=\"wp-block-image\"><img decoding=\"async\" src=\"https:\/\/www.desbief.com\/WpGuy\/wp-content\/uploads\/2021\/10\/FrIPad2019-10-06_18-13-01_IMG_0049-1024x768.jpg\" alt=\"\"\/><figcaption>Page de statistiques<\/figcaption><\/figure>\n\n\n\n<p><\/p>\n","protected":false},"excerpt":{"rendered":"<p>English version for iPad et en Fran\u00e7ais (iPad)<\/p>\n","protected":false},"author":3,"featured_media":0,"parent":0,"menu_order":0,"comment_status":"closed","ping_status":"closed","template":"","meta":{"footnotes":""},"class_list":["post-744","page","type-page","status-publish","hentry","entry"],"yoast_head":"<!-- This site is optimized with the Yoast SEO plugin v26.7 - https:\/\/yoast.com\/wordpress\/plugins\/seo\/ -->\n<title>iPad details English - Guy Desbief Ing\u00e9nieur conseil<\/title>\n<meta name=\"robots\" content=\"index, follow, max-snippet:-1, max-image-preview:large, max-video-preview:-1\" \/>\n<link rel=\"canonical\" href=\"https:\/\/www.desbief.com\/WpGuy\/ipad-details-english\/\" \/>\n<meta property=\"og:locale\" content=\"fr_FR\" \/>\n<meta property=\"og:type\" content=\"article\" \/>\n<meta property=\"og:title\" content=\"iPad details English - Guy Desbief Ing\u00e9nieur conseil\" \/>\n<meta property=\"og:description\" content=\"English version for iPad et en Fran\u00e7ais (iPad)\" \/>\n<meta property=\"og:url\" content=\"https:\/\/www.desbief.com\/WpGuy\/ipad-details-english\/\" \/>\n<meta property=\"og:site_name\" content=\"Guy Desbief Ing\u00e9nieur conseil\" \/>\n<meta property=\"article:modified_time\" content=\"2022-09-17T20:08:00+00:00\" \/>\n<meta property=\"og:image\" content=\"https:\/\/www.desbief.com\/WpGuy\/wp-content\/uploads\/2021\/10\/EnIPad2019-10-06_18-16-48_IMG_0054-1024x768.jpg\" \/>\n<meta name=\"twitter:card\" content=\"summary_large_image\" \/>\n<meta name=\"twitter:label1\" content=\"Dur\u00e9e de lecture estim\u00e9e\" \/>\n\t<meta name=\"twitter:data1\" content=\"3 minutes\" \/>\n<script type=\"application\/ld+json\" class=\"yoast-schema-graph\">{\"@context\":\"https:\/\/schema.org\",\"@graph\":[{\"@type\":\"WebPage\",\"@id\":\"https:\/\/www.desbief.com\/WpGuy\/ipad-details-english\/\",\"url\":\"https:\/\/www.desbief.com\/WpGuy\/ipad-details-english\/\",\"name\":\"iPad details English - Guy Desbief Ing\u00e9nieur conseil\",\"isPartOf\":{\"@id\":\"https:\/\/www.desbief.com\/WpGuy\/#website\"},\"primaryImageOfPage\":{\"@id\":\"https:\/\/www.desbief.com\/WpGuy\/ipad-details-english\/#primaryimage\"},\"image\":{\"@id\":\"https:\/\/www.desbief.com\/WpGuy\/ipad-details-english\/#primaryimage\"},\"thumbnailUrl\":\"https:\/\/www.desbief.com\/WpGuy\/wp-content\/uploads\/2021\/10\/EnIPad2019-10-06_18-16-48_IMG_0054-1024x768.jpg\",\"datePublished\":\"2019-11-19T17:02:54+00:00\",\"dateModified\":\"2022-09-17T20:08:00+00:00\",\"breadcrumb\":{\"@id\":\"https:\/\/www.desbief.com\/WpGuy\/ipad-details-english\/#breadcrumb\"},\"inLanguage\":\"fr-FR\",\"potentialAction\":[{\"@type\":\"ReadAction\",\"target\":[\"https:\/\/www.desbief.com\/WpGuy\/ipad-details-english\/\"]}]},{\"@type\":\"ImageObject\",\"inLanguage\":\"fr-FR\",\"@id\":\"https:\/\/www.desbief.com\/WpGuy\/ipad-details-english\/#primaryimage\",\"url\":\"https:\/\/www.desbief.com\/WpGuy\/wp-content\/uploads\/2021\/10\/EnIPad2019-10-06_18-16-48_IMG_0054.jpg\",\"contentUrl\":\"https:\/\/www.desbief.com\/WpGuy\/wp-content\/uploads\/2021\/10\/EnIPad2019-10-06_18-16-48_IMG_0054.jpg\",\"width\":2048,\"height\":1536},{\"@type\":\"BreadcrumbList\",\"@id\":\"https:\/\/www.desbief.com\/WpGuy\/ipad-details-english\/#breadcrumb\",\"itemListElement\":[{\"@type\":\"ListItem\",\"position\":1,\"name\":\"Accueil\",\"item\":\"https:\/\/www.desbief.com\/WpGuy\/\"},{\"@type\":\"ListItem\",\"position\":2,\"name\":\"iPad details English\"}]},{\"@type\":\"WebSite\",\"@id\":\"https:\/\/www.desbief.com\/WpGuy\/#website\",\"url\":\"https:\/\/www.desbief.com\/WpGuy\/\",\"name\":\"Guy Desbief Ing\u00e9nieur conseil\",\"description\":\"Electronique, Informatique, Eco-Efficacit\u00e9 \u00e9nerg\u00e9tique conseil juridique\",\"publisher\":{\"@id\":\"https:\/\/www.desbief.com\/WpGuy\/#organization\"},\"potentialAction\":[{\"@type\":\"SearchAction\",\"target\":{\"@type\":\"EntryPoint\",\"urlTemplate\":\"https:\/\/www.desbief.com\/WpGuy\/?s={search_term_string}\"},\"query-input\":{\"@type\":\"PropertyValueSpecification\",\"valueRequired\":true,\"valueName\":\"search_term_string\"}}],\"inLanguage\":\"fr-FR\"},{\"@type\":\"Organization\",\"@id\":\"https:\/\/www.desbief.com\/WpGuy\/#organization\",\"name\":\"Guy Desbief Ing\u00e9nieur conseil\",\"url\":\"https:\/\/www.desbief.com\/WpGuy\/\",\"logo\":{\"@type\":\"ImageObject\",\"inLanguage\":\"fr-FR\",\"@id\":\"https:\/\/www.desbief.com\/WpGuy\/#\/schema\/logo\/image\/\",\"url\":\"https:\/\/www.desbief.com\/WpGuy\/wp-content\/uploads\/2021\/03\/cropped-cropped-ef-enLogoCarteDeVisiteGuyCrop-2-1.jpg\",\"contentUrl\":\"https:\/\/www.desbief.com\/WpGuy\/wp-content\/uploads\/2021\/03\/cropped-cropped-ef-enLogoCarteDeVisiteGuyCrop-2-1.jpg\",\"width\":190,\"height\":190,\"caption\":\"Guy Desbief Ing\u00e9nieur conseil\"},\"image\":{\"@id\":\"https:\/\/www.desbief.com\/WpGuy\/#\/schema\/logo\/image\/\"}}]}<\/script>\n<!-- \/ Yoast SEO plugin. -->","yoast_head_json":{"title":"iPad details English - Guy Desbief Ing\u00e9nieur conseil","robots":{"index":"index","follow":"follow","max-snippet":"max-snippet:-1","max-image-preview":"max-image-preview:large","max-video-preview":"max-video-preview:-1"},"canonical":"https:\/\/www.desbief.com\/WpGuy\/ipad-details-english\/","og_locale":"fr_FR","og_type":"article","og_title":"iPad details English - Guy Desbief Ing\u00e9nieur conseil","og_description":"English version for iPad et en Fran\u00e7ais (iPad)","og_url":"https:\/\/www.desbief.com\/WpGuy\/ipad-details-english\/","og_site_name":"Guy Desbief Ing\u00e9nieur conseil","article_modified_time":"2022-09-17T20:08:00+00:00","og_image":[{"url":"https:\/\/www.desbief.com\/WpGuy\/wp-content\/uploads\/2021\/10\/EnIPad2019-10-06_18-16-48_IMG_0054-1024x768.jpg","type":"","width":"","height":""}],"twitter_card":"summary_large_image","twitter_misc":{"Dur\u00e9e de lecture estim\u00e9e":"3 minutes"},"schema":{"@context":"https:\/\/schema.org","@graph":[{"@type":"WebPage","@id":"https:\/\/www.desbief.com\/WpGuy\/ipad-details-english\/","url":"https:\/\/www.desbief.com\/WpGuy\/ipad-details-english\/","name":"iPad details English - Guy Desbief Ing\u00e9nieur conseil","isPartOf":{"@id":"https:\/\/www.desbief.com\/WpGuy\/#website"},"primaryImageOfPage":{"@id":"https:\/\/www.desbief.com\/WpGuy\/ipad-details-english\/#primaryimage"},"image":{"@id":"https:\/\/www.desbief.com\/WpGuy\/ipad-details-english\/#primaryimage"},"thumbnailUrl":"https:\/\/www.desbief.com\/WpGuy\/wp-content\/uploads\/2021\/10\/EnIPad2019-10-06_18-16-48_IMG_0054-1024x768.jpg","datePublished":"2019-11-19T17:02:54+00:00","dateModified":"2022-09-17T20:08:00+00:00","breadcrumb":{"@id":"https:\/\/www.desbief.com\/WpGuy\/ipad-details-english\/#breadcrumb"},"inLanguage":"fr-FR","potentialAction":[{"@type":"ReadAction","target":["https:\/\/www.desbief.com\/WpGuy\/ipad-details-english\/"]}]},{"@type":"ImageObject","inLanguage":"fr-FR","@id":"https:\/\/www.desbief.com\/WpGuy\/ipad-details-english\/#primaryimage","url":"https:\/\/www.desbief.com\/WpGuy\/wp-content\/uploads\/2021\/10\/EnIPad2019-10-06_18-16-48_IMG_0054.jpg","contentUrl":"https:\/\/www.desbief.com\/WpGuy\/wp-content\/uploads\/2021\/10\/EnIPad2019-10-06_18-16-48_IMG_0054.jpg","width":2048,"height":1536},{"@type":"BreadcrumbList","@id":"https:\/\/www.desbief.com\/WpGuy\/ipad-details-english\/#breadcrumb","itemListElement":[{"@type":"ListItem","position":1,"name":"Accueil","item":"https:\/\/www.desbief.com\/WpGuy\/"},{"@type":"ListItem","position":2,"name":"iPad details English"}]},{"@type":"WebSite","@id":"https:\/\/www.desbief.com\/WpGuy\/#website","url":"https:\/\/www.desbief.com\/WpGuy\/","name":"Guy Desbief Ing\u00e9nieur conseil","description":"Electronique, Informatique, Eco-Efficacit\u00e9 \u00e9nerg\u00e9tique conseil juridique","publisher":{"@id":"https:\/\/www.desbief.com\/WpGuy\/#organization"},"potentialAction":[{"@type":"SearchAction","target":{"@type":"EntryPoint","urlTemplate":"https:\/\/www.desbief.com\/WpGuy\/?s={search_term_string}"},"query-input":{"@type":"PropertyValueSpecification","valueRequired":true,"valueName":"search_term_string"}}],"inLanguage":"fr-FR"},{"@type":"Organization","@id":"https:\/\/www.desbief.com\/WpGuy\/#organization","name":"Guy Desbief Ing\u00e9nieur conseil","url":"https:\/\/www.desbief.com\/WpGuy\/","logo":{"@type":"ImageObject","inLanguage":"fr-FR","@id":"https:\/\/www.desbief.com\/WpGuy\/#\/schema\/logo\/image\/","url":"https:\/\/www.desbief.com\/WpGuy\/wp-content\/uploads\/2021\/03\/cropped-cropped-ef-enLogoCarteDeVisiteGuyCrop-2-1.jpg","contentUrl":"https:\/\/www.desbief.com\/WpGuy\/wp-content\/uploads\/2021\/03\/cropped-cropped-ef-enLogoCarteDeVisiteGuyCrop-2-1.jpg","width":190,"height":190,"caption":"Guy Desbief Ing\u00e9nieur conseil"},"image":{"@id":"https:\/\/www.desbief.com\/WpGuy\/#\/schema\/logo\/image\/"}}]}},"_links":{"self":[{"href":"https:\/\/www.desbief.com\/WpGuy\/wp-json\/wp\/v2\/pages\/744","targetHints":{"allow":["GET"]}}],"collection":[{"href":"https:\/\/www.desbief.com\/WpGuy\/wp-json\/wp\/v2\/pages"}],"about":[{"href":"https:\/\/www.desbief.com\/WpGuy\/wp-json\/wp\/v2\/types\/page"}],"author":[{"embeddable":true,"href":"https:\/\/www.desbief.com\/WpGuy\/wp-json\/wp\/v2\/users\/3"}],"replies":[{"embeddable":true,"href":"https:\/\/www.desbief.com\/WpGuy\/wp-json\/wp\/v2\/comments?post=744"}],"version-history":[{"count":16,"href":"https:\/\/www.desbief.com\/WpGuy\/wp-json\/wp\/v2\/pages\/744\/revisions"}],"predecessor-version":[{"id":1338,"href":"https:\/\/www.desbief.com\/WpGuy\/wp-json\/wp\/v2\/pages\/744\/revisions\/1338"}],"wp:attachment":[{"href":"https:\/\/www.desbief.com\/WpGuy\/wp-json\/wp\/v2\/media?parent=744"}],"curies":[{"name":"wp","href":"https:\/\/api.w.org\/{rel}","templated":true}]}}