{"id":737,"date":"2019-11-19T17:52:53","date_gmt":"2019-11-19T16:52:53","guid":{"rendered":"https:\/\/www.desbief.com\/WpGuy\/?page_id=737"},"modified":"2022-09-17T22:08:15","modified_gmt":"2022-09-17T20:08:15","slug":"iphone-detail-english","status":"publish","type":"page","link":"https:\/\/www.desbief.com\/WpGuy\/iphone-detail-english\/","title":{"rendered":"iPhone detail English"},"content":{"rendered":"<h2>English for iPhone<\/h2>\n<p><img decoding=\"async\" src=\"https:\/\/www.desbief.com\/WpGuy\/wp-content\/uploads\/2021\/03\/iPhoneXsMax-En-SynthetisisSolarPanel2019-10-09-473x1024.png\" alt=\"\" loading=\"lazy\" srcset=\"https:\/\/www.desbief.com\/WpGuy\/wp-content\/uploads\/2021\/03\/iPhoneXsMax-En-SynthetisisSolarPanel2019-10-09-473x1024.png 473w, https:\/\/www.desbief.com\/WpGuy\/wp-content\/uploads\/2021\/03\/iPhoneXsMax-En-SynthetisisSolarPanel2019-10-09-139x300.png 139w, https:\/\/www.desbief.com\/WpGuy\/wp-content\/uploads\/2021\/03\/iPhoneXsMax-En-SynthetisisSolarPanel2019-10-09-768x1662.png 768w, https:\/\/www.desbief.com\/WpGuy\/wp-content\/uploads\/2021\/03\/iPhoneXsMax-En-SynthetisisSolarPanel2019-10-09-710x1536.png 710w, https:\/\/www.desbief.com\/WpGuy\/wp-content\/uploads\/2021\/03\/iPhoneXsMax-En-SynthetisisSolarPanel2019-10-09-946x2048.png 946w, https:\/\/www.desbief.com\/WpGuy\/wp-content\/uploads\/2021\/03\/iPhoneXsMax-En-SynthetisisSolarPanel2019-10-09.png 1242w\" sizes=\"auto, (max-width: 473px) 100vw, 473px\" width=\"473\" height=\"1024\"><br \/>\n<img decoding=\"async\" src=\"https:\/\/www.desbief.com\/WpGuy\/wp-content\/uploads\/2021\/03\/2021-03-15_17-34_IMG_0689-576x1024.jpg\" alt=\"\" loading=\"lazy\" srcset=\"https:\/\/www.desbief.com\/WpGuy\/wp-content\/uploads\/2021\/03\/2021-03-15_17-34_IMG_0689-576x1024.jpg 576w, https:\/\/www.desbief.com\/WpGuy\/wp-content\/uploads\/2021\/03\/2021-03-15_17-34_IMG_0689-169x300.jpg 169w, https:\/\/www.desbief.com\/WpGuy\/wp-content\/uploads\/2021\/03\/2021-03-15_17-34_IMG_0689.jpg 750w\" sizes=\"auto, (max-width: 576px) 100vw, 576px\" width=\"576\" height=\"1024\"><br \/>\n<img decoding=\"async\" src=\"https:\/\/www.desbief.com\/WpGuy\/wp-content\/uploads\/2021\/03\/2021-03-15_17-35_IMG_0694-576x1024.jpg\" alt=\"\" loading=\"lazy\" srcset=\"https:\/\/www.desbief.com\/WpGuy\/wp-content\/uploads\/2021\/03\/2021-03-15_17-35_IMG_0694-576x1024.jpg 576w, https:\/\/www.desbief.com\/WpGuy\/wp-content\/uploads\/2021\/03\/2021-03-15_17-35_IMG_0694-169x300.jpg 169w, https:\/\/www.desbief.com\/WpGuy\/wp-content\/uploads\/2021\/03\/2021-03-15_17-35_IMG_0694.jpg 750w\" sizes=\"auto, (max-width: 576px) 100vw, 576px\" width=\"576\" height=\"1024\"><br \/>\n<img decoding=\"async\" src=\"https:\/\/www.desbief.com\/WpGuy\/wp-content\/uploads\/2021\/03\/2021-03-15_17-35_IMG_0696-576x1024.jpg\" alt=\"\" loading=\"lazy\" srcset=\"https:\/\/www.desbief.com\/WpGuy\/wp-content\/uploads\/2021\/03\/2021-03-15_17-35_IMG_0696-576x1024.jpg 576w, https:\/\/www.desbief.com\/WpGuy\/wp-content\/uploads\/2021\/03\/2021-03-15_17-35_IMG_0696-169x300.jpg 169w, https:\/\/www.desbief.com\/WpGuy\/wp-content\/uploads\/2021\/03\/2021-03-15_17-35_IMG_0696.jpg 750w\" sizes=\"auto, (max-width: 576px) 100vw, 576px\" width=\"576\" height=\"1024\"><\/p>\n<h2>En fran\u00e7ais<\/h2>\n<p><img decoding=\"async\" src=\"https:\/\/www.desbief.com\/WpGuy\/wp-content\/uploads\/2021\/03\/2021-03-15_17-07_IMG_0676-576x1024.jpg\" alt=\"\" loading=\"lazy\" srcset=\"https:\/\/www.desbief.com\/WpGuy\/wp-content\/uploads\/2021\/03\/2021-03-15_17-07_IMG_0676-576x1024.jpg 576w, https:\/\/www.desbief.com\/WpGuy\/wp-content\/uploads\/2021\/03\/2021-03-15_17-07_IMG_0676-169x300.jpg 169w, https:\/\/www.desbief.com\/WpGuy\/wp-content\/uploads\/2021\/03\/2021-03-15_17-07_IMG_0676.jpg 750w\" sizes=\"auto, (max-width: 576px) 100vw, 576px\" width=\"576\" height=\"1024\"><br \/>\n<img decoding=\"async\" src=\"https:\/\/www.desbief.com\/WpGuy\/wp-content\/uploads\/2021\/03\/2021-03-15_17-07_IMG_0679-576x1024.jpg\" alt=\"\" loading=\"lazy\" srcset=\"https:\/\/www.desbief.com\/WpGuy\/wp-content\/uploads\/2021\/03\/2021-03-15_17-07_IMG_0679-576x1024.jpg 576w, https:\/\/www.desbief.com\/WpGuy\/wp-content\/uploads\/2021\/03\/2021-03-15_17-07_IMG_0679-169x300.jpg 169w, https:\/\/www.desbief.com\/WpGuy\/wp-content\/uploads\/2021\/03\/2021-03-15_17-07_IMG_0679.jpg 750w\" sizes=\"auto, (max-width: 576px) 100vw, 576px\" width=\"576\" height=\"1024\"><br \/>\n<img decoding=\"async\" src=\"https:\/\/www.desbief.com\/WpGuy\/wp-content\/uploads\/2021\/03\/2021-03-15_17-12_IMG_0682-576x1024.jpg\" alt=\"\" loading=\"lazy\" srcset=\"https:\/\/www.desbief.com\/WpGuy\/wp-content\/uploads\/2021\/03\/2021-03-15_17-12_IMG_0682-576x1024.jpg 576w, https:\/\/www.desbief.com\/WpGuy\/wp-content\/uploads\/2021\/03\/2021-03-15_17-12_IMG_0682-169x300.jpg 169w, https:\/\/www.desbief.com\/WpGuy\/wp-content\/uploads\/2021\/03\/2021-03-15_17-12_IMG_0682.jpg 750w\" sizes=\"auto, (max-width: 576px) 100vw, 576px\" width=\"576\" height=\"1024\"><br \/>\n<img decoding=\"async\" src=\"https:\/\/www.desbief.com\/WpGuy\/wp-content\/uploads\/2021\/03\/2021-03-15_17-13_IMG_0684-576x1024.jpg\" alt=\"\" loading=\"lazy\" srcset=\"https:\/\/www.desbief.com\/WpGuy\/wp-content\/uploads\/2021\/03\/2021-03-15_17-13_IMG_0684-576x1024.jpg 576w, https:\/\/www.desbief.com\/WpGuy\/wp-content\/uploads\/2021\/03\/2021-03-15_17-13_IMG_0684-169x300.jpg 169w, https:\/\/www.desbief.com\/WpGuy\/wp-content\/uploads\/2021\/03\/2021-03-15_17-13_IMG_0684.jpg 750w\" sizes=\"auto, (max-width: 576px) 100vw, 576px\" width=\"576\" height=\"1024\"><\/p>\n","protected":false},"excerpt":{"rendered":"<p>English for iPhone En fran\u00e7ais<\/p>\n","protected":false},"author":3,"featured_media":0,"parent":0,"menu_order":0,"comment_status":"closed","ping_status":"closed","template":"","meta":{"footnotes":""},"class_list":["post-737","page","type-page","status-publish","hentry","entry"],"yoast_head":"<!-- This site is optimized with the Yoast SEO plugin v26.7 - https:\/\/yoast.com\/wordpress\/plugins\/seo\/ -->\n<title>iPhone detail English - Guy Desbief Ing\u00e9nieur conseil<\/title>\n<meta name=\"robots\" content=\"index, follow, max-snippet:-1, max-image-preview:large, max-video-preview:-1\" \/>\n<link rel=\"canonical\" href=\"https:\/\/www.desbief.com\/WpGuy\/iphone-detail-english\/\" \/>\n<meta property=\"og:locale\" content=\"fr_FR\" \/>\n<meta property=\"og:type\" content=\"article\" \/>\n<meta property=\"og:title\" content=\"iPhone detail English - Guy Desbief Ing\u00e9nieur conseil\" \/>\n<meta property=\"og:description\" content=\"English for iPhone En fran\u00e7ais\" \/>\n<meta property=\"og:url\" content=\"https:\/\/www.desbief.com\/WpGuy\/iphone-detail-english\/\" \/>\n<meta property=\"og:site_name\" content=\"Guy Desbief Ing\u00e9nieur conseil\" \/>\n<meta property=\"article:modified_time\" content=\"2022-09-17T20:08:15+00:00\" \/>\n<meta property=\"og:image\" content=\"https:\/\/www.desbief.com\/WpGuy\/wp-content\/uploads\/2021\/03\/iPhoneXsMax-En-SynthetisisSolarPanel2019-10-09-473x1024.png\" \/>\n<meta name=\"twitter:card\" content=\"summary_large_image\" \/>\n<meta name=\"twitter:label1\" content=\"Dur\u00e9e de lecture estim\u00e9e\" \/>\n\t<meta name=\"twitter:data1\" content=\"2 minutes\" \/>\n<script type=\"application\/ld+json\" class=\"yoast-schema-graph\">{\"@context\":\"https:\/\/schema.org\",\"@graph\":[{\"@type\":\"WebPage\",\"@id\":\"https:\/\/www.desbief.com\/WpGuy\/iphone-detail-english\/\",\"url\":\"https:\/\/www.desbief.com\/WpGuy\/iphone-detail-english\/\",\"name\":\"iPhone detail English - Guy Desbief Ing\u00e9nieur conseil\",\"isPartOf\":{\"@id\":\"https:\/\/www.desbief.com\/WpGuy\/#website\"},\"primaryImageOfPage\":{\"@id\":\"https:\/\/www.desbief.com\/WpGuy\/iphone-detail-english\/#primaryimage\"},\"image\":{\"@id\":\"https:\/\/www.desbief.com\/WpGuy\/iphone-detail-english\/#primaryimage\"},\"thumbnailUrl\":\"https:\/\/www.desbief.com\/WpGuy\/wp-content\/uploads\/2021\/03\/iPhoneXsMax-En-SynthetisisSolarPanel2019-10-09-473x1024.png\",\"datePublished\":\"2019-11-19T16:52:53+00:00\",\"dateModified\":\"2022-09-17T20:08:15+00:00\",\"breadcrumb\":{\"@id\":\"https:\/\/www.desbief.com\/WpGuy\/iphone-detail-english\/#breadcrumb\"},\"inLanguage\":\"fr-FR\",\"potentialAction\":[{\"@type\":\"ReadAction\",\"target\":[\"https:\/\/www.desbief.com\/WpGuy\/iphone-detail-english\/\"]}]},{\"@type\":\"ImageObject\",\"inLanguage\":\"fr-FR\",\"@id\":\"https:\/\/www.desbief.com\/WpGuy\/iphone-detail-english\/#primaryimage\",\"url\":\"https:\/\/www.desbief.com\/WpGuy\/wp-content\/uploads\/2021\/03\/iPhoneXsMax-En-SynthetisisSolarPanel2019-10-09.png\",\"contentUrl\":\"https:\/\/www.desbief.com\/WpGuy\/wp-content\/uploads\/2021\/03\/iPhoneXsMax-En-SynthetisisSolarPanel2019-10-09.png\",\"width\":1242,\"height\":2688,\"caption\":\"First page\"},{\"@type\":\"BreadcrumbList\",\"@id\":\"https:\/\/www.desbief.com\/WpGuy\/iphone-detail-english\/#breadcrumb\",\"itemListElement\":[{\"@type\":\"ListItem\",\"position\":1,\"name\":\"Accueil\",\"item\":\"https:\/\/www.desbief.com\/WpGuy\/\"},{\"@type\":\"ListItem\",\"position\":2,\"name\":\"iPhone detail English\"}]},{\"@type\":\"WebSite\",\"@id\":\"https:\/\/www.desbief.com\/WpGuy\/#website\",\"url\":\"https:\/\/www.desbief.com\/WpGuy\/\",\"name\":\"Guy Desbief Ing\u00e9nieur conseil\",\"description\":\"Electronique, Informatique, Eco-Efficacit\u00e9 \u00e9nerg\u00e9tique conseil juridique\",\"publisher\":{\"@id\":\"https:\/\/www.desbief.com\/WpGuy\/#organization\"},\"potentialAction\":[{\"@type\":\"SearchAction\",\"target\":{\"@type\":\"EntryPoint\",\"urlTemplate\":\"https:\/\/www.desbief.com\/WpGuy\/?s={search_term_string}\"},\"query-input\":{\"@type\":\"PropertyValueSpecification\",\"valueRequired\":true,\"valueName\":\"search_term_string\"}}],\"inLanguage\":\"fr-FR\"},{\"@type\":\"Organization\",\"@id\":\"https:\/\/www.desbief.com\/WpGuy\/#organization\",\"name\":\"Guy Desbief Ing\u00e9nieur conseil\",\"url\":\"https:\/\/www.desbief.com\/WpGuy\/\",\"logo\":{\"@type\":\"ImageObject\",\"inLanguage\":\"fr-FR\",\"@id\":\"https:\/\/www.desbief.com\/WpGuy\/#\/schema\/logo\/image\/\",\"url\":\"https:\/\/www.desbief.com\/WpGuy\/wp-content\/uploads\/2021\/03\/cropped-cropped-ef-enLogoCarteDeVisiteGuyCrop-2-1.jpg\",\"contentUrl\":\"https:\/\/www.desbief.com\/WpGuy\/wp-content\/uploads\/2021\/03\/cropped-cropped-ef-enLogoCarteDeVisiteGuyCrop-2-1.jpg\",\"width\":190,\"height\":190,\"caption\":\"Guy Desbief Ing\u00e9nieur conseil\"},\"image\":{\"@id\":\"https:\/\/www.desbief.com\/WpGuy\/#\/schema\/logo\/image\/\"}}]}<\/script>\n<!-- \/ Yoast SEO plugin. -->","yoast_head_json":{"title":"iPhone detail English - Guy Desbief Ing\u00e9nieur conseil","robots":{"index":"index","follow":"follow","max-snippet":"max-snippet:-1","max-image-preview":"max-image-preview:large","max-video-preview":"max-video-preview:-1"},"canonical":"https:\/\/www.desbief.com\/WpGuy\/iphone-detail-english\/","og_locale":"fr_FR","og_type":"article","og_title":"iPhone detail English - Guy Desbief Ing\u00e9nieur conseil","og_description":"English for iPhone En fran\u00e7ais","og_url":"https:\/\/www.desbief.com\/WpGuy\/iphone-detail-english\/","og_site_name":"Guy Desbief Ing\u00e9nieur conseil","article_modified_time":"2022-09-17T20:08:15+00:00","og_image":[{"url":"https:\/\/www.desbief.com\/WpGuy\/wp-content\/uploads\/2021\/03\/iPhoneXsMax-En-SynthetisisSolarPanel2019-10-09-473x1024.png","type":"","width":"","height":""}],"twitter_card":"summary_large_image","twitter_misc":{"Dur\u00e9e de lecture estim\u00e9e":"2 minutes"},"schema":{"@context":"https:\/\/schema.org","@graph":[{"@type":"WebPage","@id":"https:\/\/www.desbief.com\/WpGuy\/iphone-detail-english\/","url":"https:\/\/www.desbief.com\/WpGuy\/iphone-detail-english\/","name":"iPhone detail English - Guy Desbief Ing\u00e9nieur conseil","isPartOf":{"@id":"https:\/\/www.desbief.com\/WpGuy\/#website"},"primaryImageOfPage":{"@id":"https:\/\/www.desbief.com\/WpGuy\/iphone-detail-english\/#primaryimage"},"image":{"@id":"https:\/\/www.desbief.com\/WpGuy\/iphone-detail-english\/#primaryimage"},"thumbnailUrl":"https:\/\/www.desbief.com\/WpGuy\/wp-content\/uploads\/2021\/03\/iPhoneXsMax-En-SynthetisisSolarPanel2019-10-09-473x1024.png","datePublished":"2019-11-19T16:52:53+00:00","dateModified":"2022-09-17T20:08:15+00:00","breadcrumb":{"@id":"https:\/\/www.desbief.com\/WpGuy\/iphone-detail-english\/#breadcrumb"},"inLanguage":"fr-FR","potentialAction":[{"@type":"ReadAction","target":["https:\/\/www.desbief.com\/WpGuy\/iphone-detail-english\/"]}]},{"@type":"ImageObject","inLanguage":"fr-FR","@id":"https:\/\/www.desbief.com\/WpGuy\/iphone-detail-english\/#primaryimage","url":"https:\/\/www.desbief.com\/WpGuy\/wp-content\/uploads\/2021\/03\/iPhoneXsMax-En-SynthetisisSolarPanel2019-10-09.png","contentUrl":"https:\/\/www.desbief.com\/WpGuy\/wp-content\/uploads\/2021\/03\/iPhoneXsMax-En-SynthetisisSolarPanel2019-10-09.png","width":1242,"height":2688,"caption":"First page"},{"@type":"BreadcrumbList","@id":"https:\/\/www.desbief.com\/WpGuy\/iphone-detail-english\/#breadcrumb","itemListElement":[{"@type":"ListItem","position":1,"name":"Accueil","item":"https:\/\/www.desbief.com\/WpGuy\/"},{"@type":"ListItem","position":2,"name":"iPhone detail English"}]},{"@type":"WebSite","@id":"https:\/\/www.desbief.com\/WpGuy\/#website","url":"https:\/\/www.desbief.com\/WpGuy\/","name":"Guy Desbief Ing\u00e9nieur conseil","description":"Electronique, Informatique, Eco-Efficacit\u00e9 \u00e9nerg\u00e9tique conseil juridique","publisher":{"@id":"https:\/\/www.desbief.com\/WpGuy\/#organization"},"potentialAction":[{"@type":"SearchAction","target":{"@type":"EntryPoint","urlTemplate":"https:\/\/www.desbief.com\/WpGuy\/?s={search_term_string}"},"query-input":{"@type":"PropertyValueSpecification","valueRequired":true,"valueName":"search_term_string"}}],"inLanguage":"fr-FR"},{"@type":"Organization","@id":"https:\/\/www.desbief.com\/WpGuy\/#organization","name":"Guy Desbief Ing\u00e9nieur conseil","url":"https:\/\/www.desbief.com\/WpGuy\/","logo":{"@type":"ImageObject","inLanguage":"fr-FR","@id":"https:\/\/www.desbief.com\/WpGuy\/#\/schema\/logo\/image\/","url":"https:\/\/www.desbief.com\/WpGuy\/wp-content\/uploads\/2021\/03\/cropped-cropped-ef-enLogoCarteDeVisiteGuyCrop-2-1.jpg","contentUrl":"https:\/\/www.desbief.com\/WpGuy\/wp-content\/uploads\/2021\/03\/cropped-cropped-ef-enLogoCarteDeVisiteGuyCrop-2-1.jpg","width":190,"height":190,"caption":"Guy Desbief Ing\u00e9nieur conseil"},"image":{"@id":"https:\/\/www.desbief.com\/WpGuy\/#\/schema\/logo\/image\/"}}]}},"_links":{"self":[{"href":"https:\/\/www.desbief.com\/WpGuy\/wp-json\/wp\/v2\/pages\/737","targetHints":{"allow":["GET"]}}],"collection":[{"href":"https:\/\/www.desbief.com\/WpGuy\/wp-json\/wp\/v2\/pages"}],"about":[{"href":"https:\/\/www.desbief.com\/WpGuy\/wp-json\/wp\/v2\/types\/page"}],"author":[{"embeddable":true,"href":"https:\/\/www.desbief.com\/WpGuy\/wp-json\/wp\/v2\/users\/3"}],"replies":[{"embeddable":true,"href":"https:\/\/www.desbief.com\/WpGuy\/wp-json\/wp\/v2\/comments?post=737"}],"version-history":[{"count":9,"href":"https:\/\/www.desbief.com\/WpGuy\/wp-json\/wp\/v2\/pages\/737\/revisions"}],"predecessor-version":[{"id":1405,"href":"https:\/\/www.desbief.com\/WpGuy\/wp-json\/wp\/v2\/pages\/737\/revisions\/1405"}],"wp:attachment":[{"href":"https:\/\/www.desbief.com\/WpGuy\/wp-json\/wp\/v2\/media?parent=737"}],"curies":[{"name":"wp","href":"https:\/\/api.w.org\/{rel}","templated":true}]}}