{"id":431,"date":"2018-11-23T19:20:45","date_gmt":"2018-11-23T18:20:45","guid":{"rendered":"https:\/\/www.desbief.com\/WpGuy\/?page_id=431"},"modified":"2022-09-17T22:04:16","modified_gmt":"2022-09-17T20:04:16","slug":"details-application-ipad","status":"publish","type":"page","link":"https:\/\/www.desbief.com\/WpGuy\/details-application-ipad\/","title":{"rendered":"D\u00e9tails   iPad Fran\u00e7ais"},"content":{"rendered":"\n<h2 class=\"wp-block-heading\">Version Fran\u00e7aise<\/h2>\n\n\n\n<figure class=\"wp-block-image\"><img decoding=\"async\" src=\"https:\/\/www.desbief.com\/WpGuy\/wp-content\/uploads\/2021\/10\/FrIPad2019-10-06_18-09-06_IMG_0044-1024x768.jpg\" alt=\"\"\/><\/figure>\n\n\n\n<figure class=\"wp-block-image size-large\"><img loading=\"lazy\" decoding=\"async\" width=\"768\" height=\"1024\" src=\"https:\/\/www.desbief.com\/WpGuy\/wp-content\/uploads\/2021\/10\/FrIPad2019-10-06_18-10-58_IMG_0046-768x1024.jpg\" alt=\"\" class=\"wp-image-1148\" srcset=\"https:\/\/www.desbief.com\/WpGuy\/wp-content\/uploads\/2021\/10\/FrIPad2019-10-06_18-10-58_IMG_0046-768x1024.jpg 768w, https:\/\/www.desbief.com\/WpGuy\/wp-content\/uploads\/2021\/10\/FrIPad2019-10-06_18-10-58_IMG_0046-225x300.jpg 225w, https:\/\/www.desbief.com\/WpGuy\/wp-content\/uploads\/2021\/10\/FrIPad2019-10-06_18-10-58_IMG_0046-1152x1536.jpg 1152w, https:\/\/www.desbief.com\/WpGuy\/wp-content\/uploads\/2021\/10\/FrIPad2019-10-06_18-10-58_IMG_0046-1320x1760.jpg 1320w, https:\/\/www.desbief.com\/WpGuy\/wp-content\/uploads\/2021\/10\/FrIPad2019-10-06_18-10-58_IMG_0046.jpg 1536w\" sizes=\"auto, (max-width: 768px) 100vw, 768px\" \/><\/figure>\n\n\n\n<figure class=\"wp-block-image\"><img decoding=\"async\" src=\"https:\/\/www.desbief.com\/WpGuy\/wp-content\/uploads\/2021\/10\/FrIPad2019-10-06_18-12-20_IMG_0048-768x1024.jpg\" alt=\"\"\/><\/figure>\n\n\n\n<p><\/p>\n\n\n\n<figure class=\"wp-block-image\"><img decoding=\"async\" src=\"https:\/\/www.desbief.com\/WpGuy\/wp-content\/uploads\/2021\/10\/FrIPad2019-10-06_18-13-01_IMG_0049-1024x768.jpg\" alt=\"\"\/><\/figure>\n\n\n\n<p><\/p>\n\n\n\n<figure class=\"wp-block-image size-large\"><img loading=\"lazy\" decoding=\"async\" width=\"768\" height=\"1024\" src=\"https:\/\/www.desbief.com\/WpGuy\/wp-content\/uploads\/2021\/10\/FrIPad2019-10-06_18-10-25_IMG_0045-1-768x1024.jpg\" alt=\"\" class=\"wp-image-1147\" srcset=\"https:\/\/www.desbief.com\/WpGuy\/wp-content\/uploads\/2021\/10\/FrIPad2019-10-06_18-10-25_IMG_0045-1-768x1024.jpg 768w, https:\/\/www.desbief.com\/WpGuy\/wp-content\/uploads\/2021\/10\/FrIPad2019-10-06_18-10-25_IMG_0045-1-225x300.jpg 225w, https:\/\/www.desbief.com\/WpGuy\/wp-content\/uploads\/2021\/10\/FrIPad2019-10-06_18-10-25_IMG_0045-1-1152x1536.jpg 1152w, https:\/\/www.desbief.com\/WpGuy\/wp-content\/uploads\/2021\/10\/FrIPad2019-10-06_18-10-25_IMG_0045-1-1320x1760.jpg 1320w, https:\/\/www.desbief.com\/WpGuy\/wp-content\/uploads\/2021\/10\/FrIPad2019-10-06_18-10-25_IMG_0045-1.jpg 1536w\" sizes=\"auto, (max-width: 768px) 100vw, 768px\" \/><figcaption>Saisie de l&rsquo;identifiant pour le serveur Enlighten<\/figcaption><\/figure>\n\n\n\n<h2 class=\"wp-block-heading\">And In English<\/h2>\n\n\n\n<figure class=\"wp-block-image\"><img decoding=\"async\" src=\"https:\/\/www.desbief.com\/WpGuy\/wp-content\/uploads\/2021\/10\/EnIPad2019-10-06_18-16-48_IMG_0054-1-1024x768.jpg\" alt=\"\"\/><figcaption>First panel<\/figcaption><\/figure>\n\n\n\n<p>To obtain this first panel, it is necessary to<\/p>\n\n\n\n<ul class=\"wp-block-list\"><li>read help message<\/li><li>build the list of the correct UPS<\/li><\/ul>\n\n\n\n<p><\/p>\n\n\n\n<figure class=\"wp-block-image size-large\"><img loading=\"lazy\" decoding=\"async\" width=\"768\" height=\"1024\" src=\"https:\/\/www.desbief.com\/WpGuy\/wp-content\/uploads\/2021\/10\/EnIPad2019-10-06_18-17-55_IMG_0056-768x1024.jpg\" alt=\"\" class=\"wp-image-1143\" srcset=\"https:\/\/www.desbief.com\/WpGuy\/wp-content\/uploads\/2021\/10\/EnIPad2019-10-06_18-17-55_IMG_0056-768x1024.jpg 768w, https:\/\/www.desbief.com\/WpGuy\/wp-content\/uploads\/2021\/10\/EnIPad2019-10-06_18-17-55_IMG_0056-225x300.jpg 225w, https:\/\/www.desbief.com\/WpGuy\/wp-content\/uploads\/2021\/10\/EnIPad2019-10-06_18-17-55_IMG_0056-1152x1536.jpg 1152w, https:\/\/www.desbief.com\/WpGuy\/wp-content\/uploads\/2021\/10\/EnIPad2019-10-06_18-17-55_IMG_0056-1320x1760.jpg 1320w, https:\/\/www.desbief.com\/WpGuy\/wp-content\/uploads\/2021\/10\/EnIPad2019-10-06_18-17-55_IMG_0056.jpg 1536w\" sizes=\"auto, (max-width: 768px) 100vw, 768px\" \/><figcaption>Help Message<\/figcaption><\/figure>\n\n\n\n<p><\/p>\n\n\n\n<figure class=\"wp-block-image\"><img decoding=\"async\" src=\"https:\/\/www.desbief.com\/WpGuy\/wp-content\/uploads\/2021\/10\/EnIPad2019-10-06_18-17-19_IMG_0055-1-1024x768.jpg\" alt=\"\"\/><figcaption>Preferences panel<\/figcaption><\/figure>\n\n\n\n<p><\/p>\n\n\n\n<figure class=\"wp-block-image\"><img decoding=\"async\" src=\"https:\/\/www.desbief.com\/WpGuy\/wp-content\/uploads\/2021\/10\/EnIPad2019-10-06_18-18-16_IMG_0057-1-768x1024.jpg\" alt=\"\"\/><figcaption>Scan page<\/figcaption><\/figure>\n\n\n\n<p><\/p>\n\n\n\n<figure class=\"wp-block-image size-large\"><img loading=\"lazy\" decoding=\"async\" width=\"1024\" height=\"768\" src=\"https:\/\/www.desbief.com\/WpGuy\/wp-content\/uploads\/2021\/10\/EnIPad2019-10-06_18-18-34_IMG_0058-1024x768.jpg\" alt=\"\" class=\"wp-image-1144\" srcset=\"https:\/\/www.desbief.com\/WpGuy\/wp-content\/uploads\/2021\/10\/EnIPad2019-10-06_18-18-34_IMG_0058-1024x768.jpg 1024w, https:\/\/www.desbief.com\/WpGuy\/wp-content\/uploads\/2021\/10\/EnIPad2019-10-06_18-18-34_IMG_0058-300x225.jpg 300w, https:\/\/www.desbief.com\/WpGuy\/wp-content\/uploads\/2021\/10\/EnIPad2019-10-06_18-18-34_IMG_0058-768x576.jpg 768w, https:\/\/www.desbief.com\/WpGuy\/wp-content\/uploads\/2021\/10\/EnIPad2019-10-06_18-18-34_IMG_0058-1536x1152.jpg 1536w, https:\/\/www.desbief.com\/WpGuy\/wp-content\/uploads\/2021\/10\/EnIPad2019-10-06_18-18-34_IMG_0058-1320x990.jpg 1320w, https:\/\/www.desbief.com\/WpGuy\/wp-content\/uploads\/2021\/10\/EnIPad2019-10-06_18-18-34_IMG_0058.jpg 2048w\" sizes=\"auto, (max-width: 1024px) 100vw, 1024px\" \/><figcaption>Page de statistiques<\/figcaption><\/figure>\n\n\n\n<p><\/p>\n","protected":false},"excerpt":{"rendered":"<p>Version Fran\u00e7aise And In English To obtain this first panel, it is necessary to read help message build the list of the correct UPS<\/p>\n","protected":false},"author":3,"featured_media":0,"parent":0,"menu_order":0,"comment_status":"closed","ping_status":"closed","template":"","meta":{"footnotes":""},"class_list":["post-431","page","type-page","status-publish","hentry","entry"],"yoast_head":"<!-- This site is optimized with the Yoast SEO plugin v26.7 - https:\/\/yoast.com\/wordpress\/plugins\/seo\/ -->\n<title>D\u00e9tails  iPad Fran\u00e7ais - Guy Desbief Ing\u00e9nieur conseil<\/title>\n<meta name=\"robots\" content=\"index, follow, max-snippet:-1, max-image-preview:large, max-video-preview:-1\" \/>\n<link rel=\"canonical\" href=\"https:\/\/www.desbief.com\/WpGuy\/details-application-ipad\/\" \/>\n<meta property=\"og:locale\" content=\"fr_FR\" \/>\n<meta property=\"og:type\" content=\"article\" \/>\n<meta property=\"og:title\" content=\"D\u00e9tails  iPad Fran\u00e7ais - Guy Desbief Ing\u00e9nieur conseil\" \/>\n<meta property=\"og:description\" content=\"Version Fran\u00e7aise And In English To obtain this first panel, it is necessary to read help message build the list of the correct UPS\" \/>\n<meta property=\"og:url\" content=\"https:\/\/www.desbief.com\/WpGuy\/details-application-ipad\/\" \/>\n<meta property=\"og:site_name\" content=\"Guy Desbief Ing\u00e9nieur conseil\" \/>\n<meta property=\"article:modified_time\" content=\"2022-09-17T20:04:16+00:00\" \/>\n<meta property=\"og:image\" content=\"https:\/\/www.desbief.com\/WpGuy\/wp-content\/uploads\/2021\/10\/FrIPad2019-10-06_18-09-06_IMG_0044-1024x768.jpg\" \/>\n<meta name=\"twitter:card\" content=\"summary_large_image\" \/>\n<meta name=\"twitter:label1\" content=\"Dur\u00e9e de lecture estim\u00e9e\" \/>\n\t<meta name=\"twitter:data1\" content=\"3 minutes\" \/>\n<script type=\"application\/ld+json\" class=\"yoast-schema-graph\">{\"@context\":\"https:\/\/schema.org\",\"@graph\":[{\"@type\":\"WebPage\",\"@id\":\"https:\/\/www.desbief.com\/WpGuy\/details-application-ipad\/\",\"url\":\"https:\/\/www.desbief.com\/WpGuy\/details-application-ipad\/\",\"name\":\"D\u00e9tails iPad Fran\u00e7ais - Guy Desbief Ing\u00e9nieur conseil\",\"isPartOf\":{\"@id\":\"https:\/\/www.desbief.com\/WpGuy\/#website\"},\"primaryImageOfPage\":{\"@id\":\"https:\/\/www.desbief.com\/WpGuy\/details-application-ipad\/#primaryimage\"},\"image\":{\"@id\":\"https:\/\/www.desbief.com\/WpGuy\/details-application-ipad\/#primaryimage\"},\"thumbnailUrl\":\"https:\/\/www.desbief.com\/WpGuy\/wp-content\/uploads\/2021\/10\/FrIPad2019-10-06_18-09-06_IMG_0044-1024x768.jpg\",\"datePublished\":\"2018-11-23T18:20:45+00:00\",\"dateModified\":\"2022-09-17T20:04:16+00:00\",\"breadcrumb\":{\"@id\":\"https:\/\/www.desbief.com\/WpGuy\/details-application-ipad\/#breadcrumb\"},\"inLanguage\":\"fr-FR\",\"potentialAction\":[{\"@type\":\"ReadAction\",\"target\":[\"https:\/\/www.desbief.com\/WpGuy\/details-application-ipad\/\"]}]},{\"@type\":\"ImageObject\",\"inLanguage\":\"fr-FR\",\"@id\":\"https:\/\/www.desbief.com\/WpGuy\/details-application-ipad\/#primaryimage\",\"url\":\"https:\/\/www.desbief.com\/WpGuy\/wp-content\/uploads\/2021\/10\/FrIPad2019-10-06_18-09-06_IMG_0044.jpg\",\"contentUrl\":\"https:\/\/www.desbief.com\/WpGuy\/wp-content\/uploads\/2021\/10\/FrIPad2019-10-06_18-09-06_IMG_0044.jpg\",\"width\":2048,\"height\":1536},{\"@type\":\"BreadcrumbList\",\"@id\":\"https:\/\/www.desbief.com\/WpGuy\/details-application-ipad\/#breadcrumb\",\"itemListElement\":[{\"@type\":\"ListItem\",\"position\":1,\"name\":\"Accueil\",\"item\":\"https:\/\/www.desbief.com\/WpGuy\/\"},{\"@type\":\"ListItem\",\"position\":2,\"name\":\"D\u00e9tails iPad Fran\u00e7ais\"}]},{\"@type\":\"WebSite\",\"@id\":\"https:\/\/www.desbief.com\/WpGuy\/#website\",\"url\":\"https:\/\/www.desbief.com\/WpGuy\/\",\"name\":\"Guy Desbief Ing\u00e9nieur conseil\",\"description\":\"Electronique, Informatique, Eco-Efficacit\u00e9 \u00e9nerg\u00e9tique conseil juridique\",\"publisher\":{\"@id\":\"https:\/\/www.desbief.com\/WpGuy\/#organization\"},\"potentialAction\":[{\"@type\":\"SearchAction\",\"target\":{\"@type\":\"EntryPoint\",\"urlTemplate\":\"https:\/\/www.desbief.com\/WpGuy\/?s={search_term_string}\"},\"query-input\":{\"@type\":\"PropertyValueSpecification\",\"valueRequired\":true,\"valueName\":\"search_term_string\"}}],\"inLanguage\":\"fr-FR\"},{\"@type\":\"Organization\",\"@id\":\"https:\/\/www.desbief.com\/WpGuy\/#organization\",\"name\":\"Guy Desbief Ing\u00e9nieur conseil\",\"url\":\"https:\/\/www.desbief.com\/WpGuy\/\",\"logo\":{\"@type\":\"ImageObject\",\"inLanguage\":\"fr-FR\",\"@id\":\"https:\/\/www.desbief.com\/WpGuy\/#\/schema\/logo\/image\/\",\"url\":\"https:\/\/www.desbief.com\/WpGuy\/wp-content\/uploads\/2021\/03\/cropped-cropped-ef-enLogoCarteDeVisiteGuyCrop-2-1.jpg\",\"contentUrl\":\"https:\/\/www.desbief.com\/WpGuy\/wp-content\/uploads\/2021\/03\/cropped-cropped-ef-enLogoCarteDeVisiteGuyCrop-2-1.jpg\",\"width\":190,\"height\":190,\"caption\":\"Guy Desbief Ing\u00e9nieur conseil\"},\"image\":{\"@id\":\"https:\/\/www.desbief.com\/WpGuy\/#\/schema\/logo\/image\/\"}}]}<\/script>\n<!-- \/ Yoast SEO plugin. -->","yoast_head_json":{"title":"D\u00e9tails  iPad Fran\u00e7ais - Guy Desbief Ing\u00e9nieur conseil","robots":{"index":"index","follow":"follow","max-snippet":"max-snippet:-1","max-image-preview":"max-image-preview:large","max-video-preview":"max-video-preview:-1"},"canonical":"https:\/\/www.desbief.com\/WpGuy\/details-application-ipad\/","og_locale":"fr_FR","og_type":"article","og_title":"D\u00e9tails  iPad Fran\u00e7ais - Guy Desbief Ing\u00e9nieur conseil","og_description":"Version Fran\u00e7aise And In English To obtain this first panel, it is necessary to read help message build the list of the correct UPS","og_url":"https:\/\/www.desbief.com\/WpGuy\/details-application-ipad\/","og_site_name":"Guy Desbief Ing\u00e9nieur conseil","article_modified_time":"2022-09-17T20:04:16+00:00","og_image":[{"url":"https:\/\/www.desbief.com\/WpGuy\/wp-content\/uploads\/2021\/10\/FrIPad2019-10-06_18-09-06_IMG_0044-1024x768.jpg","type":"","width":"","height":""}],"twitter_card":"summary_large_image","twitter_misc":{"Dur\u00e9e de lecture estim\u00e9e":"3 minutes"},"schema":{"@context":"https:\/\/schema.org","@graph":[{"@type":"WebPage","@id":"https:\/\/www.desbief.com\/WpGuy\/details-application-ipad\/","url":"https:\/\/www.desbief.com\/WpGuy\/details-application-ipad\/","name":"D\u00e9tails iPad Fran\u00e7ais - Guy Desbief Ing\u00e9nieur conseil","isPartOf":{"@id":"https:\/\/www.desbief.com\/WpGuy\/#website"},"primaryImageOfPage":{"@id":"https:\/\/www.desbief.com\/WpGuy\/details-application-ipad\/#primaryimage"},"image":{"@id":"https:\/\/www.desbief.com\/WpGuy\/details-application-ipad\/#primaryimage"},"thumbnailUrl":"https:\/\/www.desbief.com\/WpGuy\/wp-content\/uploads\/2021\/10\/FrIPad2019-10-06_18-09-06_IMG_0044-1024x768.jpg","datePublished":"2018-11-23T18:20:45+00:00","dateModified":"2022-09-17T20:04:16+00:00","breadcrumb":{"@id":"https:\/\/www.desbief.com\/WpGuy\/details-application-ipad\/#breadcrumb"},"inLanguage":"fr-FR","potentialAction":[{"@type":"ReadAction","target":["https:\/\/www.desbief.com\/WpGuy\/details-application-ipad\/"]}]},{"@type":"ImageObject","inLanguage":"fr-FR","@id":"https:\/\/www.desbief.com\/WpGuy\/details-application-ipad\/#primaryimage","url":"https:\/\/www.desbief.com\/WpGuy\/wp-content\/uploads\/2021\/10\/FrIPad2019-10-06_18-09-06_IMG_0044.jpg","contentUrl":"https:\/\/www.desbief.com\/WpGuy\/wp-content\/uploads\/2021\/10\/FrIPad2019-10-06_18-09-06_IMG_0044.jpg","width":2048,"height":1536},{"@type":"BreadcrumbList","@id":"https:\/\/www.desbief.com\/WpGuy\/details-application-ipad\/#breadcrumb","itemListElement":[{"@type":"ListItem","position":1,"name":"Accueil","item":"https:\/\/www.desbief.com\/WpGuy\/"},{"@type":"ListItem","position":2,"name":"D\u00e9tails iPad Fran\u00e7ais"}]},{"@type":"WebSite","@id":"https:\/\/www.desbief.com\/WpGuy\/#website","url":"https:\/\/www.desbief.com\/WpGuy\/","name":"Guy Desbief Ing\u00e9nieur conseil","description":"Electronique, Informatique, Eco-Efficacit\u00e9 \u00e9nerg\u00e9tique conseil juridique","publisher":{"@id":"https:\/\/www.desbief.com\/WpGuy\/#organization"},"potentialAction":[{"@type":"SearchAction","target":{"@type":"EntryPoint","urlTemplate":"https:\/\/www.desbief.com\/WpGuy\/?s={search_term_string}"},"query-input":{"@type":"PropertyValueSpecification","valueRequired":true,"valueName":"search_term_string"}}],"inLanguage":"fr-FR"},{"@type":"Organization","@id":"https:\/\/www.desbief.com\/WpGuy\/#organization","name":"Guy Desbief Ing\u00e9nieur conseil","url":"https:\/\/www.desbief.com\/WpGuy\/","logo":{"@type":"ImageObject","inLanguage":"fr-FR","@id":"https:\/\/www.desbief.com\/WpGuy\/#\/schema\/logo\/image\/","url":"https:\/\/www.desbief.com\/WpGuy\/wp-content\/uploads\/2021\/03\/cropped-cropped-ef-enLogoCarteDeVisiteGuyCrop-2-1.jpg","contentUrl":"https:\/\/www.desbief.com\/WpGuy\/wp-content\/uploads\/2021\/03\/cropped-cropped-ef-enLogoCarteDeVisiteGuyCrop-2-1.jpg","width":190,"height":190,"caption":"Guy Desbief Ing\u00e9nieur conseil"},"image":{"@id":"https:\/\/www.desbief.com\/WpGuy\/#\/schema\/logo\/image\/"}}]}},"_links":{"self":[{"href":"https:\/\/www.desbief.com\/WpGuy\/wp-json\/wp\/v2\/pages\/431","targetHints":{"allow":["GET"]}}],"collection":[{"href":"https:\/\/www.desbief.com\/WpGuy\/wp-json\/wp\/v2\/pages"}],"about":[{"href":"https:\/\/www.desbief.com\/WpGuy\/wp-json\/wp\/v2\/types\/page"}],"author":[{"embeddable":true,"href":"https:\/\/www.desbief.com\/WpGuy\/wp-json\/wp\/v2\/users\/3"}],"replies":[{"embeddable":true,"href":"https:\/\/www.desbief.com\/WpGuy\/wp-json\/wp\/v2\/comments?post=431"}],"version-history":[{"count":34,"href":"https:\/\/www.desbief.com\/WpGuy\/wp-json\/wp\/v2\/pages\/431\/revisions"}],"predecessor-version":[{"id":1333,"href":"https:\/\/www.desbief.com\/WpGuy\/wp-json\/wp\/v2\/pages\/431\/revisions\/1333"}],"wp:attachment":[{"href":"https:\/\/www.desbief.com\/WpGuy\/wp-json\/wp\/v2\/media?parent=431"}],"curies":[{"name":"wp","href":"https:\/\/api.w.org\/{rel}","templated":true}]}}