{"id":40,"date":"2015-11-14T18:47:50","date_gmt":"2015-11-14T17:47:50","guid":{"rendered":"https:\/\/www.desbief.com\/WpGuy\/?page_id=40"},"modified":"2022-09-17T22:13:05","modified_gmt":"2022-09-17T20:13:05","slug":"contacts","status":"publish","type":"page","link":"https:\/\/www.desbief.com\/WpGuy\/contacts\/","title":{"rendered":"Contacts"},"content":{"rendered":"\n<p>Si vous le souhaitez, vous pouvez me contacter \u00e0 l&rsquo;adresse mail suivante:<\/p>\n\n\n\n<ul class=\"wp-block-list\"><li>guy.desbief At free.fr<\/li><\/ul>\n\n\n\n<p>Je suis \u00e0 votre disposition pour vous rencontrer \u00e9galement.<\/p>\n\n\n\n<p>NB: pour \u00e9viter les SPAMS cette adresse ne r\u00e9pond qu&rsquo;en rempla\u00e7ant At par @  <\/p>\n\n\n\n<p><\/p>\n\n\n\n<p><\/p>\n\n\n\n<figure class=\"wp-block-image size-large\"><img loading=\"lazy\" decoding=\"async\" width=\"1024\" height=\"626\" src=\"https:\/\/www.desbief.com\/WpGuy\/wp-content\/uploads\/2021\/03\/CarteDeVisiteMixteGuy20201109recto-1024x626.jpg\" alt=\"\" class=\"wp-image-950\" srcset=\"https:\/\/www.desbief.com\/WpGuy\/wp-content\/uploads\/2021\/03\/CarteDeVisiteMixteGuy20201109recto-1024x626.jpg 1024w, https:\/\/www.desbief.com\/WpGuy\/wp-content\/uploads\/2021\/03\/CarteDeVisiteMixteGuy20201109recto-300x183.jpg 300w, https:\/\/www.desbief.com\/WpGuy\/wp-content\/uploads\/2021\/03\/CarteDeVisiteMixteGuy20201109recto-768x470.jpg 768w, https:\/\/www.desbief.com\/WpGuy\/wp-content\/uploads\/2021\/03\/CarteDeVisiteMixteGuy20201109recto.jpg 1063w\" sizes=\"auto, (max-width: 1024px) 100vw, 1024px\" \/><figcaption>Carte de visite simple<\/figcaption><\/figure>\n","protected":false},"excerpt":{"rendered":"<p>Si vous le souhaitez, vous pouvez me contacter \u00e0 l&rsquo;adresse mail suivante: guy.desbief At free.fr Je suis \u00e0 votre disposition pour vous rencontrer \u00e9galement. NB: pour \u00e9viter les SPAMS cette adresse ne r\u00e9pond qu&rsquo;en rempla\u00e7ant At par @<\/p>\n","protected":false},"author":3,"featured_media":0,"parent":0,"menu_order":20,"comment_status":"closed","ping_status":"closed","template":"","meta":{"footnotes":""},"class_list":["post-40","page","type-page","status-publish","hentry","entry"],"yoast_head":"<!-- This site is optimized with the Yoast SEO plugin v26.7 - https:\/\/yoast.com\/wordpress\/plugins\/seo\/ -->\n<title>Contacts - Guy Desbief Ing\u00e9nieur conseil<\/title>\n<meta name=\"robots\" content=\"index, follow, max-snippet:-1, max-image-preview:large, max-video-preview:-1\" \/>\n<link rel=\"canonical\" href=\"https:\/\/www.desbief.com\/WpGuy\/contacts\/\" \/>\n<meta property=\"og:locale\" content=\"fr_FR\" \/>\n<meta property=\"og:type\" content=\"article\" \/>\n<meta property=\"og:title\" content=\"Contacts - Guy Desbief Ing\u00e9nieur conseil\" \/>\n<meta property=\"og:description\" content=\"Si vous le souhaitez, vous pouvez me contacter \u00e0 l&rsquo;adresse mail suivante: guy.desbief At free.fr Je suis \u00e0 votre disposition pour vous rencontrer \u00e9galement. NB: pour \u00e9viter les SPAMS cette adresse ne r\u00e9pond qu&rsquo;en rempla\u00e7ant At par @\" \/>\n<meta property=\"og:url\" content=\"https:\/\/www.desbief.com\/WpGuy\/contacts\/\" \/>\n<meta property=\"og:site_name\" content=\"Guy Desbief Ing\u00e9nieur conseil\" \/>\n<meta property=\"article:modified_time\" content=\"2022-09-17T20:13:05+00:00\" \/>\n<meta property=\"og:image\" content=\"https:\/\/www.desbief.com\/WpGuy\/wp-content\/uploads\/2021\/03\/CarteDeVisiteMixteGuy20201109recto-1024x626.jpg\" \/>\n<meta name=\"twitter:card\" content=\"summary_large_image\" \/>\n<meta name=\"twitter:label1\" content=\"Dur\u00e9e de lecture estim\u00e9e\" \/>\n\t<meta name=\"twitter:data1\" content=\"1 minute\" \/>\n<script type=\"application\/ld+json\" class=\"yoast-schema-graph\">{\"@context\":\"https:\/\/schema.org\",\"@graph\":[{\"@type\":\"WebPage\",\"@id\":\"https:\/\/www.desbief.com\/WpGuy\/contacts\/\",\"url\":\"https:\/\/www.desbief.com\/WpGuy\/contacts\/\",\"name\":\"Contacts - Guy Desbief Ing\u00e9nieur conseil\",\"isPartOf\":{\"@id\":\"https:\/\/www.desbief.com\/WpGuy\/#website\"},\"primaryImageOfPage\":{\"@id\":\"https:\/\/www.desbief.com\/WpGuy\/contacts\/#primaryimage\"},\"image\":{\"@id\":\"https:\/\/www.desbief.com\/WpGuy\/contacts\/#primaryimage\"},\"thumbnailUrl\":\"https:\/\/www.desbief.com\/WpGuy\/wp-content\/uploads\/2021\/03\/CarteDeVisiteMixteGuy20201109recto-1024x626.jpg\",\"datePublished\":\"2015-11-14T17:47:50+00:00\",\"dateModified\":\"2022-09-17T20:13:05+00:00\",\"breadcrumb\":{\"@id\":\"https:\/\/www.desbief.com\/WpGuy\/contacts\/#breadcrumb\"},\"inLanguage\":\"fr-FR\",\"potentialAction\":[{\"@type\":\"ReadAction\",\"target\":[\"https:\/\/www.desbief.com\/WpGuy\/contacts\/\"]}]},{\"@type\":\"ImageObject\",\"inLanguage\":\"fr-FR\",\"@id\":\"https:\/\/www.desbief.com\/WpGuy\/contacts\/#primaryimage\",\"url\":\"https:\/\/www.desbief.com\/WpGuy\/wp-content\/uploads\/2021\/03\/CarteDeVisiteMixteGuy20201109recto.jpg\",\"contentUrl\":\"https:\/\/www.desbief.com\/WpGuy\/wp-content\/uploads\/2021\/03\/CarteDeVisiteMixteGuy20201109recto.jpg\",\"width\":1063,\"height\":650},{\"@type\":\"BreadcrumbList\",\"@id\":\"https:\/\/www.desbief.com\/WpGuy\/contacts\/#breadcrumb\",\"itemListElement\":[{\"@type\":\"ListItem\",\"position\":1,\"name\":\"Accueil\",\"item\":\"https:\/\/www.desbief.com\/WpGuy\/\"},{\"@type\":\"ListItem\",\"position\":2,\"name\":\"Contacts\"}]},{\"@type\":\"WebSite\",\"@id\":\"https:\/\/www.desbief.com\/WpGuy\/#website\",\"url\":\"https:\/\/www.desbief.com\/WpGuy\/\",\"name\":\"Guy Desbief Ing\u00e9nieur conseil\",\"description\":\"Electronique, Informatique, Eco-Efficacit\u00e9 \u00e9nerg\u00e9tique conseil juridique\",\"publisher\":{\"@id\":\"https:\/\/www.desbief.com\/WpGuy\/#organization\"},\"potentialAction\":[{\"@type\":\"SearchAction\",\"target\":{\"@type\":\"EntryPoint\",\"urlTemplate\":\"https:\/\/www.desbief.com\/WpGuy\/?s={search_term_string}\"},\"query-input\":{\"@type\":\"PropertyValueSpecification\",\"valueRequired\":true,\"valueName\":\"search_term_string\"}}],\"inLanguage\":\"fr-FR\"},{\"@type\":\"Organization\",\"@id\":\"https:\/\/www.desbief.com\/WpGuy\/#organization\",\"name\":\"Guy Desbief Ing\u00e9nieur conseil\",\"url\":\"https:\/\/www.desbief.com\/WpGuy\/\",\"logo\":{\"@type\":\"ImageObject\",\"inLanguage\":\"fr-FR\",\"@id\":\"https:\/\/www.desbief.com\/WpGuy\/#\/schema\/logo\/image\/\",\"url\":\"https:\/\/www.desbief.com\/WpGuy\/wp-content\/uploads\/2021\/03\/cropped-cropped-ef-enLogoCarteDeVisiteGuyCrop-2-1.jpg\",\"contentUrl\":\"https:\/\/www.desbief.com\/WpGuy\/wp-content\/uploads\/2021\/03\/cropped-cropped-ef-enLogoCarteDeVisiteGuyCrop-2-1.jpg\",\"width\":190,\"height\":190,\"caption\":\"Guy Desbief Ing\u00e9nieur conseil\"},\"image\":{\"@id\":\"https:\/\/www.desbief.com\/WpGuy\/#\/schema\/logo\/image\/\"}}]}<\/script>\n<!-- \/ Yoast SEO plugin. -->","yoast_head_json":{"title":"Contacts - Guy Desbief Ing\u00e9nieur conseil","robots":{"index":"index","follow":"follow","max-snippet":"max-snippet:-1","max-image-preview":"max-image-preview:large","max-video-preview":"max-video-preview:-1"},"canonical":"https:\/\/www.desbief.com\/WpGuy\/contacts\/","og_locale":"fr_FR","og_type":"article","og_title":"Contacts - Guy Desbief Ing\u00e9nieur conseil","og_description":"Si vous le souhaitez, vous pouvez me contacter \u00e0 l&rsquo;adresse mail suivante: guy.desbief At free.fr Je suis \u00e0 votre disposition pour vous rencontrer \u00e9galement. NB: pour \u00e9viter les SPAMS cette adresse ne r\u00e9pond qu&rsquo;en rempla\u00e7ant At par @","og_url":"https:\/\/www.desbief.com\/WpGuy\/contacts\/","og_site_name":"Guy Desbief Ing\u00e9nieur conseil","article_modified_time":"2022-09-17T20:13:05+00:00","og_image":[{"url":"https:\/\/www.desbief.com\/WpGuy\/wp-content\/uploads\/2021\/03\/CarteDeVisiteMixteGuy20201109recto-1024x626.jpg","type":"","width":"","height":""}],"twitter_card":"summary_large_image","twitter_misc":{"Dur\u00e9e de lecture estim\u00e9e":"1 minute"},"schema":{"@context":"https:\/\/schema.org","@graph":[{"@type":"WebPage","@id":"https:\/\/www.desbief.com\/WpGuy\/contacts\/","url":"https:\/\/www.desbief.com\/WpGuy\/contacts\/","name":"Contacts - Guy Desbief Ing\u00e9nieur conseil","isPartOf":{"@id":"https:\/\/www.desbief.com\/WpGuy\/#website"},"primaryImageOfPage":{"@id":"https:\/\/www.desbief.com\/WpGuy\/contacts\/#primaryimage"},"image":{"@id":"https:\/\/www.desbief.com\/WpGuy\/contacts\/#primaryimage"},"thumbnailUrl":"https:\/\/www.desbief.com\/WpGuy\/wp-content\/uploads\/2021\/03\/CarteDeVisiteMixteGuy20201109recto-1024x626.jpg","datePublished":"2015-11-14T17:47:50+00:00","dateModified":"2022-09-17T20:13:05+00:00","breadcrumb":{"@id":"https:\/\/www.desbief.com\/WpGuy\/contacts\/#breadcrumb"},"inLanguage":"fr-FR","potentialAction":[{"@type":"ReadAction","target":["https:\/\/www.desbief.com\/WpGuy\/contacts\/"]}]},{"@type":"ImageObject","inLanguage":"fr-FR","@id":"https:\/\/www.desbief.com\/WpGuy\/contacts\/#primaryimage","url":"https:\/\/www.desbief.com\/WpGuy\/wp-content\/uploads\/2021\/03\/CarteDeVisiteMixteGuy20201109recto.jpg","contentUrl":"https:\/\/www.desbief.com\/WpGuy\/wp-content\/uploads\/2021\/03\/CarteDeVisiteMixteGuy20201109recto.jpg","width":1063,"height":650},{"@type":"BreadcrumbList","@id":"https:\/\/www.desbief.com\/WpGuy\/contacts\/#breadcrumb","itemListElement":[{"@type":"ListItem","position":1,"name":"Accueil","item":"https:\/\/www.desbief.com\/WpGuy\/"},{"@type":"ListItem","position":2,"name":"Contacts"}]},{"@type":"WebSite","@id":"https:\/\/www.desbief.com\/WpGuy\/#website","url":"https:\/\/www.desbief.com\/WpGuy\/","name":"Guy Desbief Ing\u00e9nieur conseil","description":"Electronique, Informatique, Eco-Efficacit\u00e9 \u00e9nerg\u00e9tique conseil juridique","publisher":{"@id":"https:\/\/www.desbief.com\/WpGuy\/#organization"},"potentialAction":[{"@type":"SearchAction","target":{"@type":"EntryPoint","urlTemplate":"https:\/\/www.desbief.com\/WpGuy\/?s={search_term_string}"},"query-input":{"@type":"PropertyValueSpecification","valueRequired":true,"valueName":"search_term_string"}}],"inLanguage":"fr-FR"},{"@type":"Organization","@id":"https:\/\/www.desbief.com\/WpGuy\/#organization","name":"Guy Desbief Ing\u00e9nieur conseil","url":"https:\/\/www.desbief.com\/WpGuy\/","logo":{"@type":"ImageObject","inLanguage":"fr-FR","@id":"https:\/\/www.desbief.com\/WpGuy\/#\/schema\/logo\/image\/","url":"https:\/\/www.desbief.com\/WpGuy\/wp-content\/uploads\/2021\/03\/cropped-cropped-ef-enLogoCarteDeVisiteGuyCrop-2-1.jpg","contentUrl":"https:\/\/www.desbief.com\/WpGuy\/wp-content\/uploads\/2021\/03\/cropped-cropped-ef-enLogoCarteDeVisiteGuyCrop-2-1.jpg","width":190,"height":190,"caption":"Guy Desbief Ing\u00e9nieur conseil"},"image":{"@id":"https:\/\/www.desbief.com\/WpGuy\/#\/schema\/logo\/image\/"}}]}},"_links":{"self":[{"href":"https:\/\/www.desbief.com\/WpGuy\/wp-json\/wp\/v2\/pages\/40","targetHints":{"allow":["GET"]}}],"collection":[{"href":"https:\/\/www.desbief.com\/WpGuy\/wp-json\/wp\/v2\/pages"}],"about":[{"href":"https:\/\/www.desbief.com\/WpGuy\/wp-json\/wp\/v2\/types\/page"}],"author":[{"embeddable":true,"href":"https:\/\/www.desbief.com\/WpGuy\/wp-json\/wp\/v2\/users\/3"}],"replies":[{"embeddable":true,"href":"https:\/\/www.desbief.com\/WpGuy\/wp-json\/wp\/v2\/comments?post=40"}],"version-history":[{"count":6,"href":"https:\/\/www.desbief.com\/WpGuy\/wp-json\/wp\/v2\/pages\/40\/revisions"}],"predecessor-version":[{"id":1311,"href":"https:\/\/www.desbief.com\/WpGuy\/wp-json\/wp\/v2\/pages\/40\/revisions\/1311"}],"wp:attachment":[{"href":"https:\/\/www.desbief.com\/WpGuy\/wp-json\/wp\/v2\/media?parent=40"}],"curies":[{"name":"wp","href":"https:\/\/api.w.org\/{rel}","templated":true}]}}