{"id":261,"date":"2017-12-10T19:47:26","date_gmt":"2017-12-10T18:47:26","guid":{"rendered":"https:\/\/www.desbief.com\/WpGuy\/?page_id=261"},"modified":"2022-09-17T23:45:03","modified_gmt":"2022-09-17T21:45:03","slug":"creation-de-sites","status":"publish","type":"page","link":"https:\/\/www.desbief.com\/WpGuy\/creation-de-sites\/","title":{"rendered":"Cr\u00e9ation de sites"},"content":{"rendered":"\n<h1 class=\"wp-block-heading\">Sites WordPress<\/h1>\n\n\n\n<p>Si vous souhaitez cr\u00e9er un site bas\u00e9 sur WordPress, je pourrai vous aider.<\/p>\n\n\n\n<p>L&rsquo;informatique a toujours \u00e9t\u00e9 un domaine qui me passionne !<\/p>\n\n\n\n<p>J&rsquo;ai d\u00e9j\u00e0 cr\u00e9\u00e9 plusieurs sites pour des entreprises ou des associations.<\/p>\n\n\n\n<p>en particulier:<\/p>\n\n\n\n<p>&#8211; <a href=\"https:\/\/lesnaturalistesdeletoile.com\/\" target=\"_blank\" rel=\"noreferrer noopener\">Les naturalistes\u00a0 de l&rsquo;\u00e9toile <\/a><\/p>\n\n\n\n<p>&#8211; <a href=\"https:\/\/www.ecolebuissonniere.ovh\/\" target=\"_blank\" rel=\"noreferrer noopener\">L&rsquo;\u00e9cole buissonni\u00e8re (G\u00e9ologie\/\u00e9cologie)<\/a><\/p>\n\n\n\n<p><a href=\"https:\/\/ecolebuissonniere.ovh\/\">&#8211; <\/a><a href=\"https:\/\/www.actionvelo.org\">Action velo<\/a><\/p>\n\n\n\n<p><\/p>\n\n\n\n<p>Utilisez le formulaire de contact pour d\u00e9crire votre projet, Merci!<\/p>\n\n\n\n<p>Bien Cordialement<\/p>\n\n\n\n<figure class=\"wp-block-image size-large is-resized\"><a href=\"https:\/\/www.lesnaturalistesdeletoile.com\/\" target=\"_blank\" rel=\"noopener\"><img loading=\"lazy\" decoding=\"async\" src=\"https:\/\/www.desbief.com\/WpGuy\/wp-content\/uploads\/2021\/03\/LesNaturalistes-300x169-1.png\" alt=\"\" width=\"312\" height=\"176\"\/><\/a><figcaption>Accueil site Naturalistes<\/figcaption><\/figure>\n\n\n\n<figure class=\"wp-block-image size-large is-resized\"><a href=\"https:\/\/ecolebuissonniere.ovh\/\" target=\"_blank\" rel=\"noopener\"><img loading=\"lazy\" decoding=\"async\" src=\"https:\/\/www.desbief.com\/WpGuy\/wp-content\/uploads\/2021\/03\/EcoleBuissoniere-300x168-1.png\" alt=\"\" width=\"327\" height=\"183\"\/><\/a><figcaption>Accueil site \u00e9cole Buissoni\u00e8re<\/figcaption><\/figure>\n\n\n\n<figure class=\"wp-block-image size-large is-resized\"><a href=\"https:\/\/www.actionvelo.org\" target=\"_blank\" rel=\"noopener\"><img loading=\"lazy\" decoding=\"async\" src=\"https:\/\/www.desbief.com\/WpGuy\/wp-content\/uploads\/2021\/03\/ActionVelo-banderole_AV.jpg\" alt=\"\" width=\"325\" height=\"81\"\/><\/a><figcaption>Accueil Action V\u00e9lo<\/figcaption><\/figure>\n\n\n\n<p><a href=\"httpss:\/\/lesnaturalistesdeletoile.com\/\"><\/a><\/p>\n\n\n\n<p>Ci-dessus les exemples de sites que j&rsquo;ai d\u00e9j\u00e0 cr\u00e9\u00e9s. Cliquer sur l&rsquo;image pour acc\u00e9der au site.<\/p>\n\n\n\n<p><\/p>\n\n\n\n<p>Vous pouvez bien s\u00fbr me joindre en m\u2019adressant un&nbsp; message \u00e0 partir de la feuille de contact accessible depuis le menu de ce site.<\/p>\n\n\n\n<p>A bient\u00f4t<\/p>\n\n\n\n<p><a href=\"httpss:\/\/fr.wordpress.com\/features\/\"><\/a><\/p>\n","protected":false},"excerpt":{"rendered":"<p>Sites WordPress Si vous souhaitez cr\u00e9er un site bas\u00e9 sur WordPress, je pourrai vous aider. L&rsquo;informatique a toujours \u00e9t\u00e9 un domaine qui me passionne ! J&rsquo;ai d\u00e9j\u00e0 cr\u00e9\u00e9 plusieurs sites pour des entreprises ou des associations. en particulier: &#8211; Les naturalistes\u00a0 de l&rsquo;\u00e9toile &#8211; L&rsquo;\u00e9cole buissonni\u00e8re (G\u00e9ologie\/\u00e9cologie) &#8211; Action velo Utilisez le formulaire de contact &hellip; <\/p>\n<p class=\"link-more\"><a href=\"https:\/\/www.desbief.com\/WpGuy\/creation-de-sites\/\" class=\"more-link\">Continuer la lecture <span class=\"screen-reader-text\"> \u00ab\u00a0Cr\u00e9ation de sites\u00a0\u00bb<\/span><\/a><\/p>\n","protected":false},"author":3,"featured_media":0,"parent":0,"menu_order":0,"comment_status":"closed","ping_status":"closed","template":"","meta":{"footnotes":""},"class_list":["post-261","page","type-page","status-publish","hentry","entry"],"yoast_head":"<!-- This site is optimized with the Yoast SEO plugin v26.7 - https:\/\/yoast.com\/wordpress\/plugins\/seo\/ -->\n<title>Cr\u00e9ation de sites - Guy Desbief Ing\u00e9nieur conseil<\/title>\n<meta name=\"robots\" content=\"index, follow, max-snippet:-1, max-image-preview:large, max-video-preview:-1\" \/>\n<link rel=\"canonical\" href=\"https:\/\/www.desbief.com\/WpGuy\/creation-de-sites\/\" \/>\n<meta property=\"og:locale\" content=\"fr_FR\" \/>\n<meta property=\"og:type\" content=\"article\" \/>\n<meta property=\"og:title\" content=\"Cr\u00e9ation de sites - Guy Desbief Ing\u00e9nieur conseil\" \/>\n<meta property=\"og:description\" content=\"Sites WordPress Si vous souhaitez cr\u00e9er un site bas\u00e9 sur WordPress, je pourrai vous aider. L&rsquo;informatique a toujours \u00e9t\u00e9 un domaine qui me passionne ! J&rsquo;ai d\u00e9j\u00e0 cr\u00e9\u00e9 plusieurs sites pour des entreprises ou des associations. en particulier: &#8211; Les naturalistes\u00a0 de l&rsquo;\u00e9toile &#8211; L&rsquo;\u00e9cole buissonni\u00e8re (G\u00e9ologie\/\u00e9cologie) &#8211; Action velo Utilisez le formulaire de contact &hellip; Continuer la lecture \u00ab\u00a0Cr\u00e9ation de sites\u00a0\u00bb\" \/>\n<meta property=\"og:url\" content=\"https:\/\/www.desbief.com\/WpGuy\/creation-de-sites\/\" \/>\n<meta property=\"og:site_name\" content=\"Guy Desbief Ing\u00e9nieur conseil\" \/>\n<meta property=\"article:modified_time\" content=\"2022-09-17T21:45:03+00:00\" \/>\n<meta property=\"og:image\" content=\"https:\/\/www.desbief.com\/WpGuy\/wp-content\/uploads\/2021\/03\/LesNaturalistes-300x169-1.png\" \/>\n<meta name=\"twitter:card\" content=\"summary_large_image\" \/>\n<meta name=\"twitter:label1\" content=\"Dur\u00e9e de lecture estim\u00e9e\" \/>\n\t<meta name=\"twitter:data1\" content=\"2 minutes\" \/>\n<script type=\"application\/ld+json\" class=\"yoast-schema-graph\">{\"@context\":\"https:\/\/schema.org\",\"@graph\":[{\"@type\":\"WebPage\",\"@id\":\"https:\/\/www.desbief.com\/WpGuy\/creation-de-sites\/\",\"url\":\"https:\/\/www.desbief.com\/WpGuy\/creation-de-sites\/\",\"name\":\"Cr\u00e9ation de sites - Guy Desbief Ing\u00e9nieur conseil\",\"isPartOf\":{\"@id\":\"https:\/\/www.desbief.com\/WpGuy\/#website\"},\"primaryImageOfPage\":{\"@id\":\"https:\/\/www.desbief.com\/WpGuy\/creation-de-sites\/#primaryimage\"},\"image\":{\"@id\":\"https:\/\/www.desbief.com\/WpGuy\/creation-de-sites\/#primaryimage\"},\"thumbnailUrl\":\"https:\/\/www.desbief.com\/WpGuy\/wp-content\/uploads\/2021\/03\/LesNaturalistes-300x169-1.png\",\"datePublished\":\"2017-12-10T18:47:26+00:00\",\"dateModified\":\"2022-09-17T21:45:03+00:00\",\"breadcrumb\":{\"@id\":\"https:\/\/www.desbief.com\/WpGuy\/creation-de-sites\/#breadcrumb\"},\"inLanguage\":\"fr-FR\",\"potentialAction\":[{\"@type\":\"ReadAction\",\"target\":[\"https:\/\/www.desbief.com\/WpGuy\/creation-de-sites\/\"]}]},{\"@type\":\"ImageObject\",\"inLanguage\":\"fr-FR\",\"@id\":\"https:\/\/www.desbief.com\/WpGuy\/creation-de-sites\/#primaryimage\",\"url\":\"https:\/\/www.desbief.com\/WpGuy\/wp-content\/uploads\/2021\/03\/LesNaturalistes-300x169-1.png\",\"contentUrl\":\"https:\/\/www.desbief.com\/WpGuy\/wp-content\/uploads\/2021\/03\/LesNaturalistes-300x169-1.png\",\"width\":300,\"height\":169},{\"@type\":\"BreadcrumbList\",\"@id\":\"https:\/\/www.desbief.com\/WpGuy\/creation-de-sites\/#breadcrumb\",\"itemListElement\":[{\"@type\":\"ListItem\",\"position\":1,\"name\":\"Accueil\",\"item\":\"https:\/\/www.desbief.com\/WpGuy\/\"},{\"@type\":\"ListItem\",\"position\":2,\"name\":\"Cr\u00e9ation de sites\"}]},{\"@type\":\"WebSite\",\"@id\":\"https:\/\/www.desbief.com\/WpGuy\/#website\",\"url\":\"https:\/\/www.desbief.com\/WpGuy\/\",\"name\":\"Guy Desbief Ing\u00e9nieur conseil\",\"description\":\"Electronique, Informatique, Eco-Efficacit\u00e9 \u00e9nerg\u00e9tique conseil juridique\",\"publisher\":{\"@id\":\"https:\/\/www.desbief.com\/WpGuy\/#organization\"},\"potentialAction\":[{\"@type\":\"SearchAction\",\"target\":{\"@type\":\"EntryPoint\",\"urlTemplate\":\"https:\/\/www.desbief.com\/WpGuy\/?s={search_term_string}\"},\"query-input\":{\"@type\":\"PropertyValueSpecification\",\"valueRequired\":true,\"valueName\":\"search_term_string\"}}],\"inLanguage\":\"fr-FR\"},{\"@type\":\"Organization\",\"@id\":\"https:\/\/www.desbief.com\/WpGuy\/#organization\",\"name\":\"Guy Desbief Ing\u00e9nieur conseil\",\"url\":\"https:\/\/www.desbief.com\/WpGuy\/\",\"logo\":{\"@type\":\"ImageObject\",\"inLanguage\":\"fr-FR\",\"@id\":\"https:\/\/www.desbief.com\/WpGuy\/#\/schema\/logo\/image\/\",\"url\":\"https:\/\/www.desbief.com\/WpGuy\/wp-content\/uploads\/2021\/03\/cropped-cropped-ef-enLogoCarteDeVisiteGuyCrop-2-1.jpg\",\"contentUrl\":\"https:\/\/www.desbief.com\/WpGuy\/wp-content\/uploads\/2021\/03\/cropped-cropped-ef-enLogoCarteDeVisiteGuyCrop-2-1.jpg\",\"width\":190,\"height\":190,\"caption\":\"Guy Desbief Ing\u00e9nieur conseil\"},\"image\":{\"@id\":\"https:\/\/www.desbief.com\/WpGuy\/#\/schema\/logo\/image\/\"}}]}<\/script>\n<!-- \/ Yoast SEO plugin. -->","yoast_head_json":{"title":"Cr\u00e9ation de sites - Guy Desbief Ing\u00e9nieur conseil","robots":{"index":"index","follow":"follow","max-snippet":"max-snippet:-1","max-image-preview":"max-image-preview:large","max-video-preview":"max-video-preview:-1"},"canonical":"https:\/\/www.desbief.com\/WpGuy\/creation-de-sites\/","og_locale":"fr_FR","og_type":"article","og_title":"Cr\u00e9ation de sites - Guy Desbief Ing\u00e9nieur conseil","og_description":"Sites WordPress Si vous souhaitez cr\u00e9er un site bas\u00e9 sur WordPress, je pourrai vous aider. L&rsquo;informatique a toujours \u00e9t\u00e9 un domaine qui me passionne ! J&rsquo;ai d\u00e9j\u00e0 cr\u00e9\u00e9 plusieurs sites pour des entreprises ou des associations. en particulier: &#8211; Les naturalistes\u00a0 de l&rsquo;\u00e9toile &#8211; L&rsquo;\u00e9cole buissonni\u00e8re (G\u00e9ologie\/\u00e9cologie) &#8211; Action velo Utilisez le formulaire de contact &hellip; Continuer la lecture \u00ab\u00a0Cr\u00e9ation de sites\u00a0\u00bb","og_url":"https:\/\/www.desbief.com\/WpGuy\/creation-de-sites\/","og_site_name":"Guy Desbief Ing\u00e9nieur conseil","article_modified_time":"2022-09-17T21:45:03+00:00","og_image":[{"url":"https:\/\/www.desbief.com\/WpGuy\/wp-content\/uploads\/2021\/03\/LesNaturalistes-300x169-1.png","type":"","width":"","height":""}],"twitter_card":"summary_large_image","twitter_misc":{"Dur\u00e9e de lecture estim\u00e9e":"2 minutes"},"schema":{"@context":"https:\/\/schema.org","@graph":[{"@type":"WebPage","@id":"https:\/\/www.desbief.com\/WpGuy\/creation-de-sites\/","url":"https:\/\/www.desbief.com\/WpGuy\/creation-de-sites\/","name":"Cr\u00e9ation de sites - Guy Desbief Ing\u00e9nieur conseil","isPartOf":{"@id":"https:\/\/www.desbief.com\/WpGuy\/#website"},"primaryImageOfPage":{"@id":"https:\/\/www.desbief.com\/WpGuy\/creation-de-sites\/#primaryimage"},"image":{"@id":"https:\/\/www.desbief.com\/WpGuy\/creation-de-sites\/#primaryimage"},"thumbnailUrl":"https:\/\/www.desbief.com\/WpGuy\/wp-content\/uploads\/2021\/03\/LesNaturalistes-300x169-1.png","datePublished":"2017-12-10T18:47:26+00:00","dateModified":"2022-09-17T21:45:03+00:00","breadcrumb":{"@id":"https:\/\/www.desbief.com\/WpGuy\/creation-de-sites\/#breadcrumb"},"inLanguage":"fr-FR","potentialAction":[{"@type":"ReadAction","target":["https:\/\/www.desbief.com\/WpGuy\/creation-de-sites\/"]}]},{"@type":"ImageObject","inLanguage":"fr-FR","@id":"https:\/\/www.desbief.com\/WpGuy\/creation-de-sites\/#primaryimage","url":"https:\/\/www.desbief.com\/WpGuy\/wp-content\/uploads\/2021\/03\/LesNaturalistes-300x169-1.png","contentUrl":"https:\/\/www.desbief.com\/WpGuy\/wp-content\/uploads\/2021\/03\/LesNaturalistes-300x169-1.png","width":300,"height":169},{"@type":"BreadcrumbList","@id":"https:\/\/www.desbief.com\/WpGuy\/creation-de-sites\/#breadcrumb","itemListElement":[{"@type":"ListItem","position":1,"name":"Accueil","item":"https:\/\/www.desbief.com\/WpGuy\/"},{"@type":"ListItem","position":2,"name":"Cr\u00e9ation de sites"}]},{"@type":"WebSite","@id":"https:\/\/www.desbief.com\/WpGuy\/#website","url":"https:\/\/www.desbief.com\/WpGuy\/","name":"Guy Desbief Ing\u00e9nieur conseil","description":"Electronique, Informatique, Eco-Efficacit\u00e9 \u00e9nerg\u00e9tique conseil juridique","publisher":{"@id":"https:\/\/www.desbief.com\/WpGuy\/#organization"},"potentialAction":[{"@type":"SearchAction","target":{"@type":"EntryPoint","urlTemplate":"https:\/\/www.desbief.com\/WpGuy\/?s={search_term_string}"},"query-input":{"@type":"PropertyValueSpecification","valueRequired":true,"valueName":"search_term_string"}}],"inLanguage":"fr-FR"},{"@type":"Organization","@id":"https:\/\/www.desbief.com\/WpGuy\/#organization","name":"Guy Desbief Ing\u00e9nieur conseil","url":"https:\/\/www.desbief.com\/WpGuy\/","logo":{"@type":"ImageObject","inLanguage":"fr-FR","@id":"https:\/\/www.desbief.com\/WpGuy\/#\/schema\/logo\/image\/","url":"https:\/\/www.desbief.com\/WpGuy\/wp-content\/uploads\/2021\/03\/cropped-cropped-ef-enLogoCarteDeVisiteGuyCrop-2-1.jpg","contentUrl":"https:\/\/www.desbief.com\/WpGuy\/wp-content\/uploads\/2021\/03\/cropped-cropped-ef-enLogoCarteDeVisiteGuyCrop-2-1.jpg","width":190,"height":190,"caption":"Guy Desbief Ing\u00e9nieur conseil"},"image":{"@id":"https:\/\/www.desbief.com\/WpGuy\/#\/schema\/logo\/image\/"}}]}},"_links":{"self":[{"href":"https:\/\/www.desbief.com\/WpGuy\/wp-json\/wp\/v2\/pages\/261","targetHints":{"allow":["GET"]}}],"collection":[{"href":"https:\/\/www.desbief.com\/WpGuy\/wp-json\/wp\/v2\/pages"}],"about":[{"href":"https:\/\/www.desbief.com\/WpGuy\/wp-json\/wp\/v2\/types\/page"}],"author":[{"embeddable":true,"href":"https:\/\/www.desbief.com\/WpGuy\/wp-json\/wp\/v2\/users\/3"}],"replies":[{"embeddable":true,"href":"https:\/\/www.desbief.com\/WpGuy\/wp-json\/wp\/v2\/comments?post=261"}],"version-history":[{"count":44,"href":"https:\/\/www.desbief.com\/WpGuy\/wp-json\/wp\/v2\/pages\/261\/revisions"}],"predecessor-version":[{"id":1479,"href":"https:\/\/www.desbief.com\/WpGuy\/wp-json\/wp\/v2\/pages\/261\/revisions\/1479"}],"wp:attachment":[{"href":"https:\/\/www.desbief.com\/WpGuy\/wp-json\/wp\/v2\/media?parent=261"}],"curies":[{"name":"wp","href":"https:\/\/api.w.org\/{rel}","templated":true}]}}