{"id":1271,"date":"2022-09-01T13:12:52","date_gmt":"2022-09-01T11:12:52","guid":{"rendered":"https:\/\/www.desbief.com\/WpGuy\/?page_id=1271"},"modified":"2022-09-17T22:09:35","modified_gmt":"2022-09-17T20:09:35","slug":"my-panel-survey-2","status":"publish","type":"page","link":"https:\/\/www.desbief.com\/WpGuy\/my-panel-survey-2\/","title":{"rendered":"My Panel Survey"},"content":{"rendered":"\n<figure class=\"wp-block-image size-full\"><img loading=\"lazy\" decoding=\"async\" width=\"605\" height=\"761\" src=\"https:\/\/www.desbief.com\/WpGuy\/wp-content\/uploads\/2022\/09\/MyPanelSyrvey-Page-De-Gardev2.7-2022-09-01A13.03.03.png\" alt=\"\" class=\"wp-image-1270\" srcset=\"https:\/\/www.desbief.com\/WpGuy\/wp-content\/uploads\/2022\/09\/MyPanelSyrvey-Page-De-Gardev2.7-2022-09-01A13.03.03.png 605w, https:\/\/www.desbief.com\/WpGuy\/wp-content\/uploads\/2022\/09\/MyPanelSyrvey-Page-De-Gardev2.7-2022-09-01A13.03.03-239x300.png 239w\" sizes=\"auto, (max-width: 605px) 100vw, 605px\" \/><figcaption>Page d&rsquo;accueil du logiciel<\/figcaption><\/figure>\n\n\n\n<figure class=\"wp-block-image size-full\"><img loading=\"lazy\" decoding=\"async\" width=\"605\" height=\"921\" src=\"https:\/\/www.desbief.com\/WpGuy\/wp-content\/uploads\/2022\/09\/MyPanelSyrvey-Page-Scannerv2.7-2022-09-01A13.57.24.png\" alt=\"\" class=\"wp-image-1276\" srcset=\"https:\/\/www.desbief.com\/WpGuy\/wp-content\/uploads\/2022\/09\/MyPanelSyrvey-Page-Scannerv2.7-2022-09-01A13.57.24.png 605w, https:\/\/www.desbief.com\/WpGuy\/wp-content\/uploads\/2022\/09\/MyPanelSyrvey-Page-Scannerv2.7-2022-09-01A13.57.24-197x300.png 197w\" sizes=\"auto, (max-width: 605px) 100vw, 605px\" \/><figcaption>Page permettant de voir les onduleurs pr\u00e9sents<\/figcaption><\/figure>\n\n\n\n<figure class=\"wp-block-image size-full\"><img loading=\"lazy\" decoding=\"async\" width=\"890\" height=\"921\" src=\"https:\/\/www.desbief.com\/WpGuy\/wp-content\/uploads\/2022\/09\/MyPanelSyrvey-Page-De-Statistiquesv2.7-2022-09-01A13.57.49.png\" alt=\"\" class=\"wp-image-1277\" srcset=\"https:\/\/www.desbief.com\/WpGuy\/wp-content\/uploads\/2022\/09\/MyPanelSyrvey-Page-De-Statistiquesv2.7-2022-09-01A13.57.49.png 890w, https:\/\/www.desbief.com\/WpGuy\/wp-content\/uploads\/2022\/09\/MyPanelSyrvey-Page-De-Statistiquesv2.7-2022-09-01A13.57.49-290x300.png 290w, https:\/\/www.desbief.com\/WpGuy\/wp-content\/uploads\/2022\/09\/MyPanelSyrvey-Page-De-Statistiquesv2.7-2022-09-01A13.57.49-768x795.png 768w\" sizes=\"auto, (max-width: 890px) 100vw, 890px\" \/><figcaption>Page permettant de mettre \u00e0 jour les informations de la base<\/figcaption><\/figure>\n\n\n\n<figure class=\"wp-block-image size-full\"><img loading=\"lazy\" decoding=\"async\" width=\"890\" height=\"921\" src=\"https:\/\/www.desbief.com\/WpGuy\/wp-content\/uploads\/2022\/09\/MyPanelSyrvey-Page-Autres-OsXv2.7-2022-09-01A13.57.57.png\" alt=\"\" class=\"wp-image-1278\" srcset=\"https:\/\/www.desbief.com\/WpGuy\/wp-content\/uploads\/2022\/09\/MyPanelSyrvey-Page-Autres-OsXv2.7-2022-09-01A13.57.57.png 890w, https:\/\/www.desbief.com\/WpGuy\/wp-content\/uploads\/2022\/09\/MyPanelSyrvey-Page-Autres-OsXv2.7-2022-09-01A13.57.57-290x300.png 290w, https:\/\/www.desbief.com\/WpGuy\/wp-content\/uploads\/2022\/09\/MyPanelSyrvey-Page-Autres-OsXv2.7-2022-09-01A13.57.57-768x795.png 768w\" sizes=\"auto, (max-width: 890px) 100vw, 890px\" \/><figcaption>Page permettant de faire les E\/S n\u00e9cessaires<\/figcaption><\/figure>\n","protected":false},"excerpt":{"rendered":"","protected":false},"author":3,"featured_media":0,"parent":0,"menu_order":0,"comment_status":"closed","ping_status":"closed","template":"","meta":{"footnotes":""},"class_list":["post-1271","page","type-page","status-publish","hentry","entry"],"yoast_head":"<!-- This site is optimized with the Yoast SEO plugin v26.7 - https:\/\/yoast.com\/wordpress\/plugins\/seo\/ -->\n<title>My Panel Survey - Guy Desbief Ing\u00e9nieur conseil<\/title>\n<meta name=\"robots\" content=\"index, follow, max-snippet:-1, max-image-preview:large, max-video-preview:-1\" \/>\n<link rel=\"canonical\" href=\"https:\/\/www.desbief.com\/WpGuy\/my-panel-survey-2\/\" \/>\n<meta property=\"og:locale\" content=\"fr_FR\" \/>\n<meta property=\"og:type\" content=\"article\" \/>\n<meta property=\"og:title\" content=\"My Panel Survey - Guy Desbief Ing\u00e9nieur conseil\" \/>\n<meta property=\"og:url\" content=\"https:\/\/www.desbief.com\/WpGuy\/my-panel-survey-2\/\" \/>\n<meta property=\"og:site_name\" content=\"Guy Desbief Ing\u00e9nieur conseil\" \/>\n<meta property=\"article:modified_time\" content=\"2022-09-17T20:09:35+00:00\" \/>\n<meta property=\"og:image\" content=\"https:\/\/www.desbief.com\/WpGuy\/wp-content\/uploads\/2022\/09\/MyPanelSyrvey-Page-De-Gardev2.7-2022-09-01A13.03.03.png\" \/>\n<meta name=\"twitter:card\" content=\"summary_large_image\" \/>\n<meta name=\"twitter:label1\" content=\"Dur\u00e9e de lecture estim\u00e9e\" \/>\n\t<meta name=\"twitter:data1\" content=\"1 minute\" \/>\n<script type=\"application\/ld+json\" class=\"yoast-schema-graph\">{\"@context\":\"https:\/\/schema.org\",\"@graph\":[{\"@type\":\"WebPage\",\"@id\":\"https:\/\/www.desbief.com\/WpGuy\/my-panel-survey-2\/\",\"url\":\"https:\/\/www.desbief.com\/WpGuy\/my-panel-survey-2\/\",\"name\":\"My Panel Survey - Guy Desbief Ing\u00e9nieur conseil\",\"isPartOf\":{\"@id\":\"https:\/\/www.desbief.com\/WpGuy\/#website\"},\"primaryImageOfPage\":{\"@id\":\"https:\/\/www.desbief.com\/WpGuy\/my-panel-survey-2\/#primaryimage\"},\"image\":{\"@id\":\"https:\/\/www.desbief.com\/WpGuy\/my-panel-survey-2\/#primaryimage\"},\"thumbnailUrl\":\"https:\/\/www.desbief.com\/WpGuy\/wp-content\/uploads\/2022\/09\/MyPanelSyrvey-Page-De-Gardev2.7-2022-09-01A13.03.03.png\",\"datePublished\":\"2022-09-01T11:12:52+00:00\",\"dateModified\":\"2022-09-17T20:09:35+00:00\",\"breadcrumb\":{\"@id\":\"https:\/\/www.desbief.com\/WpGuy\/my-panel-survey-2\/#breadcrumb\"},\"inLanguage\":\"fr-FR\",\"potentialAction\":[{\"@type\":\"ReadAction\",\"target\":[\"https:\/\/www.desbief.com\/WpGuy\/my-panel-survey-2\/\"]}]},{\"@type\":\"ImageObject\",\"inLanguage\":\"fr-FR\",\"@id\":\"https:\/\/www.desbief.com\/WpGuy\/my-panel-survey-2\/#primaryimage\",\"url\":\"https:\/\/www.desbief.com\/WpGuy\/wp-content\/uploads\/2022\/09\/MyPanelSyrvey-Page-De-Gardev2.7-2022-09-01A13.03.03.png\",\"contentUrl\":\"https:\/\/www.desbief.com\/WpGuy\/wp-content\/uploads\/2022\/09\/MyPanelSyrvey-Page-De-Gardev2.7-2022-09-01A13.03.03.png\",\"width\":605,\"height\":761},{\"@type\":\"BreadcrumbList\",\"@id\":\"https:\/\/www.desbief.com\/WpGuy\/my-panel-survey-2\/#breadcrumb\",\"itemListElement\":[{\"@type\":\"ListItem\",\"position\":1,\"name\":\"Accueil\",\"item\":\"https:\/\/www.desbief.com\/WpGuy\/\"},{\"@type\":\"ListItem\",\"position\":2,\"name\":\"My Panel Survey\"}]},{\"@type\":\"WebSite\",\"@id\":\"https:\/\/www.desbief.com\/WpGuy\/#website\",\"url\":\"https:\/\/www.desbief.com\/WpGuy\/\",\"name\":\"Guy Desbief Ing\u00e9nieur conseil\",\"description\":\"Electronique, Informatique, Eco-Efficacit\u00e9 \u00e9nerg\u00e9tique conseil juridique\",\"publisher\":{\"@id\":\"https:\/\/www.desbief.com\/WpGuy\/#organization\"},\"potentialAction\":[{\"@type\":\"SearchAction\",\"target\":{\"@type\":\"EntryPoint\",\"urlTemplate\":\"https:\/\/www.desbief.com\/WpGuy\/?s={search_term_string}\"},\"query-input\":{\"@type\":\"PropertyValueSpecification\",\"valueRequired\":true,\"valueName\":\"search_term_string\"}}],\"inLanguage\":\"fr-FR\"},{\"@type\":\"Organization\",\"@id\":\"https:\/\/www.desbief.com\/WpGuy\/#organization\",\"name\":\"Guy Desbief Ing\u00e9nieur conseil\",\"url\":\"https:\/\/www.desbief.com\/WpGuy\/\",\"logo\":{\"@type\":\"ImageObject\",\"inLanguage\":\"fr-FR\",\"@id\":\"https:\/\/www.desbief.com\/WpGuy\/#\/schema\/logo\/image\/\",\"url\":\"https:\/\/www.desbief.com\/WpGuy\/wp-content\/uploads\/2021\/03\/cropped-cropped-ef-enLogoCarteDeVisiteGuyCrop-2-1.jpg\",\"contentUrl\":\"https:\/\/www.desbief.com\/WpGuy\/wp-content\/uploads\/2021\/03\/cropped-cropped-ef-enLogoCarteDeVisiteGuyCrop-2-1.jpg\",\"width\":190,\"height\":190,\"caption\":\"Guy Desbief Ing\u00e9nieur conseil\"},\"image\":{\"@id\":\"https:\/\/www.desbief.com\/WpGuy\/#\/schema\/logo\/image\/\"}}]}<\/script>\n<!-- \/ Yoast SEO plugin. -->","yoast_head_json":{"title":"My Panel Survey - Guy Desbief Ing\u00e9nieur conseil","robots":{"index":"index","follow":"follow","max-snippet":"max-snippet:-1","max-image-preview":"max-image-preview:large","max-video-preview":"max-video-preview:-1"},"canonical":"https:\/\/www.desbief.com\/WpGuy\/my-panel-survey-2\/","og_locale":"fr_FR","og_type":"article","og_title":"My Panel Survey - Guy Desbief Ing\u00e9nieur conseil","og_url":"https:\/\/www.desbief.com\/WpGuy\/my-panel-survey-2\/","og_site_name":"Guy Desbief Ing\u00e9nieur conseil","article_modified_time":"2022-09-17T20:09:35+00:00","og_image":[{"url":"https:\/\/www.desbief.com\/WpGuy\/wp-content\/uploads\/2022\/09\/MyPanelSyrvey-Page-De-Gardev2.7-2022-09-01A13.03.03.png","type":"","width":"","height":""}],"twitter_card":"summary_large_image","twitter_misc":{"Dur\u00e9e de lecture estim\u00e9e":"1 minute"},"schema":{"@context":"https:\/\/schema.org","@graph":[{"@type":"WebPage","@id":"https:\/\/www.desbief.com\/WpGuy\/my-panel-survey-2\/","url":"https:\/\/www.desbief.com\/WpGuy\/my-panel-survey-2\/","name":"My Panel Survey - Guy Desbief Ing\u00e9nieur conseil","isPartOf":{"@id":"https:\/\/www.desbief.com\/WpGuy\/#website"},"primaryImageOfPage":{"@id":"https:\/\/www.desbief.com\/WpGuy\/my-panel-survey-2\/#primaryimage"},"image":{"@id":"https:\/\/www.desbief.com\/WpGuy\/my-panel-survey-2\/#primaryimage"},"thumbnailUrl":"https:\/\/www.desbief.com\/WpGuy\/wp-content\/uploads\/2022\/09\/MyPanelSyrvey-Page-De-Gardev2.7-2022-09-01A13.03.03.png","datePublished":"2022-09-01T11:12:52+00:00","dateModified":"2022-09-17T20:09:35+00:00","breadcrumb":{"@id":"https:\/\/www.desbief.com\/WpGuy\/my-panel-survey-2\/#breadcrumb"},"inLanguage":"fr-FR","potentialAction":[{"@type":"ReadAction","target":["https:\/\/www.desbief.com\/WpGuy\/my-panel-survey-2\/"]}]},{"@type":"ImageObject","inLanguage":"fr-FR","@id":"https:\/\/www.desbief.com\/WpGuy\/my-panel-survey-2\/#primaryimage","url":"https:\/\/www.desbief.com\/WpGuy\/wp-content\/uploads\/2022\/09\/MyPanelSyrvey-Page-De-Gardev2.7-2022-09-01A13.03.03.png","contentUrl":"https:\/\/www.desbief.com\/WpGuy\/wp-content\/uploads\/2022\/09\/MyPanelSyrvey-Page-De-Gardev2.7-2022-09-01A13.03.03.png","width":605,"height":761},{"@type":"BreadcrumbList","@id":"https:\/\/www.desbief.com\/WpGuy\/my-panel-survey-2\/#breadcrumb","itemListElement":[{"@type":"ListItem","position":1,"name":"Accueil","item":"https:\/\/www.desbief.com\/WpGuy\/"},{"@type":"ListItem","position":2,"name":"My Panel Survey"}]},{"@type":"WebSite","@id":"https:\/\/www.desbief.com\/WpGuy\/#website","url":"https:\/\/www.desbief.com\/WpGuy\/","name":"Guy Desbief Ing\u00e9nieur conseil","description":"Electronique, Informatique, Eco-Efficacit\u00e9 \u00e9nerg\u00e9tique conseil juridique","publisher":{"@id":"https:\/\/www.desbief.com\/WpGuy\/#organization"},"potentialAction":[{"@type":"SearchAction","target":{"@type":"EntryPoint","urlTemplate":"https:\/\/www.desbief.com\/WpGuy\/?s={search_term_string}"},"query-input":{"@type":"PropertyValueSpecification","valueRequired":true,"valueName":"search_term_string"}}],"inLanguage":"fr-FR"},{"@type":"Organization","@id":"https:\/\/www.desbief.com\/WpGuy\/#organization","name":"Guy Desbief Ing\u00e9nieur conseil","url":"https:\/\/www.desbief.com\/WpGuy\/","logo":{"@type":"ImageObject","inLanguage":"fr-FR","@id":"https:\/\/www.desbief.com\/WpGuy\/#\/schema\/logo\/image\/","url":"https:\/\/www.desbief.com\/WpGuy\/wp-content\/uploads\/2021\/03\/cropped-cropped-ef-enLogoCarteDeVisiteGuyCrop-2-1.jpg","contentUrl":"https:\/\/www.desbief.com\/WpGuy\/wp-content\/uploads\/2021\/03\/cropped-cropped-ef-enLogoCarteDeVisiteGuyCrop-2-1.jpg","width":190,"height":190,"caption":"Guy Desbief Ing\u00e9nieur conseil"},"image":{"@id":"https:\/\/www.desbief.com\/WpGuy\/#\/schema\/logo\/image\/"}}]}},"_links":{"self":[{"href":"https:\/\/www.desbief.com\/WpGuy\/wp-json\/wp\/v2\/pages\/1271","targetHints":{"allow":["GET"]}}],"collection":[{"href":"https:\/\/www.desbief.com\/WpGuy\/wp-json\/wp\/v2\/pages"}],"about":[{"href":"https:\/\/www.desbief.com\/WpGuy\/wp-json\/wp\/v2\/types\/page"}],"author":[{"embeddable":true,"href":"https:\/\/www.desbief.com\/WpGuy\/wp-json\/wp\/v2\/users\/3"}],"replies":[{"embeddable":true,"href":"https:\/\/www.desbief.com\/WpGuy\/wp-json\/wp\/v2\/comments?post=1271"}],"version-history":[{"count":2,"href":"https:\/\/www.desbief.com\/WpGuy\/wp-json\/wp\/v2\/pages\/1271\/revisions"}],"predecessor-version":[{"id":1280,"href":"https:\/\/www.desbief.com\/WpGuy\/wp-json\/wp\/v2\/pages\/1271\/revisions\/1280"}],"wp:attachment":[{"href":"https:\/\/www.desbief.com\/WpGuy\/wp-json\/wp\/v2\/media?parent=1271"}],"curies":[{"name":"wp","href":"https:\/\/api.w.org\/{rel}","templated":true}]}}