{"id":1092,"date":"2021-03-17T16:33:27","date_gmt":"2021-03-17T15:33:27","guid":{"rendered":"https:\/\/www.desbief.com\/WpGuy\/?page_id=1092"},"modified":"2022-09-17T22:12:20","modified_gmt":"2022-09-17T20:12:20","slug":"solar-panel-survey","status":"publish","type":"page","link":"https:\/\/www.desbief.com\/WpGuy\/solar-panel-survey\/","title":{"rendered":"Solar Panel Survey"},"content":{"rendered":"\n<h2 class=\"wp-block-heading\">Solar Panel Survey v 3.5<\/h2>\n\n\n\n<p>Fran\u00e7ais<\/p>\n\n\n\n<p>Comme je suis un d\u00e9veloppeur Apple, j&rsquo;ai publi\u00e9 \u00ab\u00a0Solar Panel Survey\u00a0\u00bb sur Apple Store<\/p>\n\n\n\n<p>Cette application, \u00e9crite en 5 langues (Fr, En, It, De, Sp)<\/p>\n\n\n\n<p>Version fran\u00e7aise v3.5<\/p>\n\n\n\n<figure class=\"wp-block-gallery has-nested-images columns-default is-cropped wp-block-gallery-1 is-layout-flex wp-block-gallery-is-layout-flex\">\n<figure class=\"wp-block-image size-large\"><img loading=\"lazy\" decoding=\"async\" width=\"576\" height=\"1024\" data-id=\"970\" src=\"https:\/\/www.desbief.com\/WpGuy\/wp-content\/uploads\/2021\/03\/2021-03-15_17-07_IMG_0676-576x1024.jpg\" alt=\"\" class=\"wp-image-970\" srcset=\"https:\/\/www.desbief.com\/WpGuy\/wp-content\/uploads\/2021\/03\/2021-03-15_17-07_IMG_0676-576x1024.jpg 576w, https:\/\/www.desbief.com\/WpGuy\/wp-content\/uploads\/2021\/03\/2021-03-15_17-07_IMG_0676-169x300.jpg 169w, https:\/\/www.desbief.com\/WpGuy\/wp-content\/uploads\/2021\/03\/2021-03-15_17-07_IMG_0676.jpg 750w\" sizes=\"auto, (max-width: 576px) 100vw, 576px\" \/><\/figure>\n\n\n\n<figure class=\"wp-block-image size-large\"><img loading=\"lazy\" decoding=\"async\" width=\"576\" height=\"1024\" data-id=\"971\" src=\"https:\/\/www.desbief.com\/WpGuy\/wp-content\/uploads\/2021\/03\/2021-03-15_17-07_IMG_0677-576x1024.jpg\" alt=\"\" class=\"wp-image-971\" srcset=\"https:\/\/www.desbief.com\/WpGuy\/wp-content\/uploads\/2021\/03\/2021-03-15_17-07_IMG_0677-576x1024.jpg 576w, https:\/\/www.desbief.com\/WpGuy\/wp-content\/uploads\/2021\/03\/2021-03-15_17-07_IMG_0677-169x300.jpg 169w, https:\/\/www.desbief.com\/WpGuy\/wp-content\/uploads\/2021\/03\/2021-03-15_17-07_IMG_0677.jpg 750w\" sizes=\"auto, (max-width: 576px) 100vw, 576px\" \/><\/figure>\n\n\n\n<figure class=\"wp-block-image size-large\"><img loading=\"lazy\" decoding=\"async\" width=\"576\" height=\"1024\" data-id=\"972\" src=\"https:\/\/www.desbief.com\/WpGuy\/wp-content\/uploads\/2021\/03\/2021-03-15_17-07_IMG_0678-576x1024.jpg\" alt=\"\" class=\"wp-image-972\" srcset=\"https:\/\/www.desbief.com\/WpGuy\/wp-content\/uploads\/2021\/03\/2021-03-15_17-07_IMG_0678-576x1024.jpg 576w, https:\/\/www.desbief.com\/WpGuy\/wp-content\/uploads\/2021\/03\/2021-03-15_17-07_IMG_0678-169x300.jpg 169w, https:\/\/www.desbief.com\/WpGuy\/wp-content\/uploads\/2021\/03\/2021-03-15_17-07_IMG_0678.jpg 750w\" sizes=\"auto, (max-width: 576px) 100vw, 576px\" \/><\/figure>\n\n\n\n<figure class=\"wp-block-image size-large\"><img loading=\"lazy\" decoding=\"async\" width=\"576\" height=\"1024\" data-id=\"973\" src=\"https:\/\/www.desbief.com\/WpGuy\/wp-content\/uploads\/2021\/03\/2021-03-15_17-07_IMG_0679-576x1024.jpg\" alt=\"\" class=\"wp-image-973\" srcset=\"https:\/\/www.desbief.com\/WpGuy\/wp-content\/uploads\/2021\/03\/2021-03-15_17-07_IMG_0679-576x1024.jpg 576w, https:\/\/www.desbief.com\/WpGuy\/wp-content\/uploads\/2021\/03\/2021-03-15_17-07_IMG_0679-169x300.jpg 169w, https:\/\/www.desbief.com\/WpGuy\/wp-content\/uploads\/2021\/03\/2021-03-15_17-07_IMG_0679.jpg 750w\" sizes=\"auto, (max-width: 576px) 100vw, 576px\" \/><\/figure>\n\n\n\n<figure class=\"wp-block-image size-large\"><img loading=\"lazy\" decoding=\"async\" width=\"576\" height=\"1024\" data-id=\"974\" src=\"https:\/\/www.desbief.com\/WpGuy\/wp-content\/uploads\/2021\/03\/2021-03-15_17-12_IMG_0680-576x1024.jpg\" alt=\"\" class=\"wp-image-974\" srcset=\"https:\/\/www.desbief.com\/WpGuy\/wp-content\/uploads\/2021\/03\/2021-03-15_17-12_IMG_0680-576x1024.jpg 576w, https:\/\/www.desbief.com\/WpGuy\/wp-content\/uploads\/2021\/03\/2021-03-15_17-12_IMG_0680-169x300.jpg 169w, https:\/\/www.desbief.com\/WpGuy\/wp-content\/uploads\/2021\/03\/2021-03-15_17-12_IMG_0680.jpg 750w\" sizes=\"auto, (max-width: 576px) 100vw, 576px\" \/><\/figure>\n\n\n\n<figure class=\"wp-block-image size-large\"><img loading=\"lazy\" decoding=\"async\" width=\"576\" height=\"1024\" data-id=\"975\" src=\"https:\/\/www.desbief.com\/WpGuy\/wp-content\/uploads\/2021\/03\/2021-03-15_17-12_IMG_0681-576x1024.jpg\" alt=\"\" class=\"wp-image-975\" srcset=\"https:\/\/www.desbief.com\/WpGuy\/wp-content\/uploads\/2021\/03\/2021-03-15_17-12_IMG_0681-576x1024.jpg 576w, https:\/\/www.desbief.com\/WpGuy\/wp-content\/uploads\/2021\/03\/2021-03-15_17-12_IMG_0681-169x300.jpg 169w, https:\/\/www.desbief.com\/WpGuy\/wp-content\/uploads\/2021\/03\/2021-03-15_17-12_IMG_0681.jpg 750w\" sizes=\"auto, (max-width: 576px) 100vw, 576px\" \/><\/figure>\n\n\n\n<figure class=\"wp-block-image size-large\"><img loading=\"lazy\" decoding=\"async\" width=\"576\" height=\"1024\" data-id=\"976\" src=\"https:\/\/www.desbief.com\/WpGuy\/wp-content\/uploads\/2021\/03\/2021-03-15_17-12_IMG_0682-576x1024.jpg\" alt=\"\" class=\"wp-image-976\" srcset=\"https:\/\/www.desbief.com\/WpGuy\/wp-content\/uploads\/2021\/03\/2021-03-15_17-12_IMG_0682-576x1024.jpg 576w, https:\/\/www.desbief.com\/WpGuy\/wp-content\/uploads\/2021\/03\/2021-03-15_17-12_IMG_0682-169x300.jpg 169w, https:\/\/www.desbief.com\/WpGuy\/wp-content\/uploads\/2021\/03\/2021-03-15_17-12_IMG_0682.jpg 750w\" sizes=\"auto, (max-width: 576px) 100vw, 576px\" \/><\/figure>\n\n\n\n<figure class=\"wp-block-image size-large\"><img loading=\"lazy\" decoding=\"async\" width=\"576\" height=\"1024\" data-id=\"977\" src=\"https:\/\/www.desbief.com\/WpGuy\/wp-content\/uploads\/2021\/03\/2021-03-15_17-12_IMG_0683-576x1024.jpg\" alt=\"\" class=\"wp-image-977\" srcset=\"https:\/\/www.desbief.com\/WpGuy\/wp-content\/uploads\/2021\/03\/2021-03-15_17-12_IMG_0683-576x1024.jpg 576w, https:\/\/www.desbief.com\/WpGuy\/wp-content\/uploads\/2021\/03\/2021-03-15_17-12_IMG_0683-169x300.jpg 169w, https:\/\/www.desbief.com\/WpGuy\/wp-content\/uploads\/2021\/03\/2021-03-15_17-12_IMG_0683.jpg 750w\" sizes=\"auto, (max-width: 576px) 100vw, 576px\" \/><\/figure>\n\n\n\n<figure class=\"wp-block-image size-large\"><img loading=\"lazy\" decoding=\"async\" width=\"576\" height=\"1024\" data-id=\"978\" src=\"https:\/\/www.desbief.com\/WpGuy\/wp-content\/uploads\/2021\/03\/2021-03-15_17-13_IMG_0684-576x1024.jpg\" alt=\"\" class=\"wp-image-978\" srcset=\"https:\/\/www.desbief.com\/WpGuy\/wp-content\/uploads\/2021\/03\/2021-03-15_17-13_IMG_0684-576x1024.jpg 576w, https:\/\/www.desbief.com\/WpGuy\/wp-content\/uploads\/2021\/03\/2021-03-15_17-13_IMG_0684-169x300.jpg 169w, https:\/\/www.desbief.com\/WpGuy\/wp-content\/uploads\/2021\/03\/2021-03-15_17-13_IMG_0684.jpg 750w\" sizes=\"auto, (max-width: 576px) 100vw, 576px\" \/><\/figure>\n\n\n\n<figure class=\"wp-block-image size-large\"><img loading=\"lazy\" decoding=\"async\" width=\"576\" height=\"1024\" data-id=\"979\" src=\"https:\/\/www.desbief.com\/WpGuy\/wp-content\/uploads\/2021\/03\/2021-03-15_17-13_IMG_0685-576x1024.jpg\" alt=\"\" class=\"wp-image-979\" srcset=\"https:\/\/www.desbief.com\/WpGuy\/wp-content\/uploads\/2021\/03\/2021-03-15_17-13_IMG_0685-576x1024.jpg 576w, https:\/\/www.desbief.com\/WpGuy\/wp-content\/uploads\/2021\/03\/2021-03-15_17-13_IMG_0685-169x300.jpg 169w, https:\/\/www.desbief.com\/WpGuy\/wp-content\/uploads\/2021\/03\/2021-03-15_17-13_IMG_0685.jpg 750w\" sizes=\"auto, (max-width: 576px) 100vw, 576px\" \/><\/figure>\n<\/figure>\n\n\n\n<p><strong>English: <\/strong><\/p>\n\n\n\n<p>This app is translated in 5 languages (Fr, En, It, De, Sp)<\/p>\n\n\n\n<p>As I am an Apple developper, I am allowed to sent my Software on Apple Store You will find this one <\/p>\n\n\n\n<p>if you hit \u00ab\u00a0Solar Panel Survey\u00a0\u00bb to sort applications.<\/p>\n\n\n\n<p>Accepts now Enlighten protocol V2<\/p>\n\n\n\n<p><\/p>\n\n\n\n<p>English Version v 3.5<\/p>\n\n\n\n<figure class=\"wp-block-gallery has-nested-images columns-default is-cropped wp-block-gallery-2 is-layout-flex wp-block-gallery-is-layout-flex\">\n<figure class=\"wp-block-image size-large\"><img loading=\"lazy\" decoding=\"async\" width=\"576\" height=\"1024\" data-id=\"981\" src=\"https:\/\/www.desbief.com\/WpGuy\/wp-content\/uploads\/2021\/03\/2021-03-15_17-34_IMG_0687-576x1024.jpg\" alt=\"\" class=\"wp-image-981\" srcset=\"https:\/\/www.desbief.com\/WpGuy\/wp-content\/uploads\/2021\/03\/2021-03-15_17-34_IMG_0687-576x1024.jpg 576w, https:\/\/www.desbief.com\/WpGuy\/wp-content\/uploads\/2021\/03\/2021-03-15_17-34_IMG_0687-169x300.jpg 169w, https:\/\/www.desbief.com\/WpGuy\/wp-content\/uploads\/2021\/03\/2021-03-15_17-34_IMG_0687.jpg 750w\" sizes=\"auto, (max-width: 576px) 100vw, 576px\" \/><\/figure>\n\n\n\n<figure class=\"wp-block-image size-large\"><img loading=\"lazy\" decoding=\"async\" width=\"576\" height=\"1024\" data-id=\"982\" src=\"https:\/\/www.desbief.com\/WpGuy\/wp-content\/uploads\/2021\/03\/2021-03-15_17-34_IMG_0688-576x1024.jpg\" alt=\"\" class=\"wp-image-982\" srcset=\"https:\/\/www.desbief.com\/WpGuy\/wp-content\/uploads\/2021\/03\/2021-03-15_17-34_IMG_0688-576x1024.jpg 576w, https:\/\/www.desbief.com\/WpGuy\/wp-content\/uploads\/2021\/03\/2021-03-15_17-34_IMG_0688-169x300.jpg 169w, https:\/\/www.desbief.com\/WpGuy\/wp-content\/uploads\/2021\/03\/2021-03-15_17-34_IMG_0688.jpg 750w\" sizes=\"auto, (max-width: 576px) 100vw, 576px\" \/><\/figure>\n\n\n\n<figure class=\"wp-block-image size-large\"><img loading=\"lazy\" decoding=\"async\" width=\"576\" height=\"1024\" data-id=\"984\" src=\"https:\/\/www.desbief.com\/WpGuy\/wp-content\/uploads\/2021\/03\/2021-03-15_17-34_IMG_0690-576x1024.jpg\" alt=\"\" class=\"wp-image-984\" srcset=\"https:\/\/www.desbief.com\/WpGuy\/wp-content\/uploads\/2021\/03\/2021-03-15_17-34_IMG_0690-576x1024.jpg 576w, https:\/\/www.desbief.com\/WpGuy\/wp-content\/uploads\/2021\/03\/2021-03-15_17-34_IMG_0690-169x300.jpg 169w, https:\/\/www.desbief.com\/WpGuy\/wp-content\/uploads\/2021\/03\/2021-03-15_17-34_IMG_0690.jpg 750w\" sizes=\"auto, (max-width: 576px) 100vw, 576px\" \/><\/figure>\n\n\n\n<figure class=\"wp-block-image size-large\"><img loading=\"lazy\" decoding=\"async\" width=\"576\" height=\"1024\" data-id=\"1010\" src=\"https:\/\/www.desbief.com\/WpGuy\/wp-content\/uploads\/2021\/03\/2021-03-15_17-35_IMG_0695-1-576x1024.jpg\" alt=\"\" class=\"wp-image-1010\" srcset=\"https:\/\/www.desbief.com\/WpGuy\/wp-content\/uploads\/2021\/03\/2021-03-15_17-35_IMG_0695-1-576x1024.jpg 576w, https:\/\/www.desbief.com\/WpGuy\/wp-content\/uploads\/2021\/03\/2021-03-15_17-35_IMG_0695-1-169x300.jpg 169w, https:\/\/www.desbief.com\/WpGuy\/wp-content\/uploads\/2021\/03\/2021-03-15_17-35_IMG_0695-1.jpg 750w\" sizes=\"auto, (max-width: 576px) 100vw, 576px\" \/><\/figure>\n<\/figure>\n\n\n\n<p>Now accepts Enlighten Protocol<\/p>\n","protected":false},"excerpt":{"rendered":"<p>Solar Panel Survey v 3.5 Fran\u00e7ais Comme je suis un d\u00e9veloppeur Apple, j&rsquo;ai publi\u00e9 \u00ab\u00a0Solar Panel Survey\u00a0\u00bb sur Apple Store Cette application, \u00e9crite en 5 langues (Fr, En, It, De, Sp) Version fran\u00e7aise v3.5 English: This app is translated in 5 languages (Fr, En, It, De, Sp) As I am an Apple developper, I am &hellip; <\/p>\n<p class=\"link-more\"><a href=\"https:\/\/www.desbief.com\/WpGuy\/solar-panel-survey\/\" class=\"more-link\">Continuer la lecture <span class=\"screen-reader-text\"> \u00ab\u00a0Solar Panel Survey\u00a0\u00bb<\/span><\/a><\/p>\n","protected":false},"author":3,"featured_media":0,"parent":0,"menu_order":0,"comment_status":"closed","ping_status":"closed","template":"","meta":{"footnotes":""},"class_list":["post-1092","page","type-page","status-publish","hentry","entry"],"yoast_head":"<!-- This site is optimized with the Yoast SEO plugin v26.7 - https:\/\/yoast.com\/wordpress\/plugins\/seo\/ -->\n<title>Solar Panel Survey - Guy Desbief Ing\u00e9nieur conseil<\/title>\n<meta name=\"robots\" content=\"index, follow, max-snippet:-1, max-image-preview:large, max-video-preview:-1\" \/>\n<link rel=\"canonical\" href=\"https:\/\/www.desbief.com\/WpGuy\/solar-panel-survey\/\" \/>\n<meta property=\"og:locale\" content=\"fr_FR\" \/>\n<meta property=\"og:type\" content=\"article\" \/>\n<meta property=\"og:title\" content=\"Solar Panel Survey - Guy Desbief Ing\u00e9nieur conseil\" \/>\n<meta property=\"og:description\" content=\"Solar Panel Survey v 3.5 Fran\u00e7ais Comme je suis un d\u00e9veloppeur Apple, j&rsquo;ai publi\u00e9 \u00ab\u00a0Solar Panel Survey\u00a0\u00bb sur Apple Store Cette application, \u00e9crite en 5 langues (Fr, En, It, De, Sp) Version fran\u00e7aise v3.5 English: This app is translated in 5 languages (Fr, En, It, De, Sp) As I am an Apple developper, I am &hellip; Continuer la lecture \u00ab\u00a0Solar Panel Survey\u00a0\u00bb\" \/>\n<meta property=\"og:url\" content=\"https:\/\/www.desbief.com\/WpGuy\/solar-panel-survey\/\" \/>\n<meta property=\"og:site_name\" content=\"Guy Desbief Ing\u00e9nieur conseil\" \/>\n<meta property=\"article:modified_time\" content=\"2022-09-17T20:12:20+00:00\" \/>\n<meta property=\"og:image\" content=\"https:\/\/www.desbief.com\/WpGuy\/wp-content\/uploads\/2021\/03\/2021-03-15_17-07_IMG_0676-576x1024.jpg\" \/>\n<meta name=\"twitter:card\" content=\"summary_large_image\" \/>\n<meta name=\"twitter:label1\" content=\"Dur\u00e9e de lecture estim\u00e9e\" \/>\n\t<meta name=\"twitter:data1\" content=\"4 minutes\" \/>\n<script type=\"application\/ld+json\" class=\"yoast-schema-graph\">{\"@context\":\"https:\/\/schema.org\",\"@graph\":[{\"@type\":\"WebPage\",\"@id\":\"https:\/\/www.desbief.com\/WpGuy\/solar-panel-survey\/\",\"url\":\"https:\/\/www.desbief.com\/WpGuy\/solar-panel-survey\/\",\"name\":\"Solar Panel Survey - Guy Desbief Ing\u00e9nieur conseil\",\"isPartOf\":{\"@id\":\"https:\/\/www.desbief.com\/WpGuy\/#website\"},\"primaryImageOfPage\":{\"@id\":\"https:\/\/www.desbief.com\/WpGuy\/solar-panel-survey\/#primaryimage\"},\"image\":{\"@id\":\"https:\/\/www.desbief.com\/WpGuy\/solar-panel-survey\/#primaryimage\"},\"thumbnailUrl\":\"https:\/\/www.desbief.com\/WpGuy\/wp-content\/uploads\/2021\/03\/2021-03-15_17-07_IMG_0676-576x1024.jpg\",\"datePublished\":\"2021-03-17T15:33:27+00:00\",\"dateModified\":\"2022-09-17T20:12:20+00:00\",\"breadcrumb\":{\"@id\":\"https:\/\/www.desbief.com\/WpGuy\/solar-panel-survey\/#breadcrumb\"},\"inLanguage\":\"fr-FR\",\"potentialAction\":[{\"@type\":\"ReadAction\",\"target\":[\"https:\/\/www.desbief.com\/WpGuy\/solar-panel-survey\/\"]}]},{\"@type\":\"ImageObject\",\"inLanguage\":\"fr-FR\",\"@id\":\"https:\/\/www.desbief.com\/WpGuy\/solar-panel-survey\/#primaryimage\",\"url\":\"https:\/\/www.desbief.com\/WpGuy\/wp-content\/uploads\/2021\/03\/2021-03-15_17-07_IMG_0676.jpg\",\"contentUrl\":\"https:\/\/www.desbief.com\/WpGuy\/wp-content\/uploads\/2021\/03\/2021-03-15_17-07_IMG_0676.jpg\",\"width\":750,\"height\":1334},{\"@type\":\"BreadcrumbList\",\"@id\":\"https:\/\/www.desbief.com\/WpGuy\/solar-panel-survey\/#breadcrumb\",\"itemListElement\":[{\"@type\":\"ListItem\",\"position\":1,\"name\":\"Accueil\",\"item\":\"https:\/\/www.desbief.com\/WpGuy\/\"},{\"@type\":\"ListItem\",\"position\":2,\"name\":\"Solar Panel Survey\"}]},{\"@type\":\"WebSite\",\"@id\":\"https:\/\/www.desbief.com\/WpGuy\/#website\",\"url\":\"https:\/\/www.desbief.com\/WpGuy\/\",\"name\":\"Guy Desbief Ing\u00e9nieur conseil\",\"description\":\"Electronique, Informatique, Eco-Efficacit\u00e9 \u00e9nerg\u00e9tique conseil juridique\",\"publisher\":{\"@id\":\"https:\/\/www.desbief.com\/WpGuy\/#organization\"},\"potentialAction\":[{\"@type\":\"SearchAction\",\"target\":{\"@type\":\"EntryPoint\",\"urlTemplate\":\"https:\/\/www.desbief.com\/WpGuy\/?s={search_term_string}\"},\"query-input\":{\"@type\":\"PropertyValueSpecification\",\"valueRequired\":true,\"valueName\":\"search_term_string\"}}],\"inLanguage\":\"fr-FR\"},{\"@type\":\"Organization\",\"@id\":\"https:\/\/www.desbief.com\/WpGuy\/#organization\",\"name\":\"Guy Desbief Ing\u00e9nieur conseil\",\"url\":\"https:\/\/www.desbief.com\/WpGuy\/\",\"logo\":{\"@type\":\"ImageObject\",\"inLanguage\":\"fr-FR\",\"@id\":\"https:\/\/www.desbief.com\/WpGuy\/#\/schema\/logo\/image\/\",\"url\":\"https:\/\/www.desbief.com\/WpGuy\/wp-content\/uploads\/2021\/03\/cropped-cropped-ef-enLogoCarteDeVisiteGuyCrop-2-1.jpg\",\"contentUrl\":\"https:\/\/www.desbief.com\/WpGuy\/wp-content\/uploads\/2021\/03\/cropped-cropped-ef-enLogoCarteDeVisiteGuyCrop-2-1.jpg\",\"width\":190,\"height\":190,\"caption\":\"Guy Desbief Ing\u00e9nieur conseil\"},\"image\":{\"@id\":\"https:\/\/www.desbief.com\/WpGuy\/#\/schema\/logo\/image\/\"}}]}<\/script>\n<!-- \/ Yoast SEO plugin. -->","yoast_head_json":{"title":"Solar Panel Survey - Guy Desbief Ing\u00e9nieur conseil","robots":{"index":"index","follow":"follow","max-snippet":"max-snippet:-1","max-image-preview":"max-image-preview:large","max-video-preview":"max-video-preview:-1"},"canonical":"https:\/\/www.desbief.com\/WpGuy\/solar-panel-survey\/","og_locale":"fr_FR","og_type":"article","og_title":"Solar Panel Survey - Guy Desbief Ing\u00e9nieur conseil","og_description":"Solar Panel Survey v 3.5 Fran\u00e7ais Comme je suis un d\u00e9veloppeur Apple, j&rsquo;ai publi\u00e9 \u00ab\u00a0Solar Panel Survey\u00a0\u00bb sur Apple Store Cette application, \u00e9crite en 5 langues (Fr, En, It, De, Sp) Version fran\u00e7aise v3.5 English: This app is translated in 5 languages (Fr, En, It, De, Sp) As I am an Apple developper, I am &hellip; Continuer la lecture \u00ab\u00a0Solar Panel Survey\u00a0\u00bb","og_url":"https:\/\/www.desbief.com\/WpGuy\/solar-panel-survey\/","og_site_name":"Guy Desbief Ing\u00e9nieur conseil","article_modified_time":"2022-09-17T20:12:20+00:00","og_image":[{"url":"https:\/\/www.desbief.com\/WpGuy\/wp-content\/uploads\/2021\/03\/2021-03-15_17-07_IMG_0676-576x1024.jpg","type":"","width":"","height":""}],"twitter_card":"summary_large_image","twitter_misc":{"Dur\u00e9e de lecture estim\u00e9e":"4 minutes"},"schema":{"@context":"https:\/\/schema.org","@graph":[{"@type":"WebPage","@id":"https:\/\/www.desbief.com\/WpGuy\/solar-panel-survey\/","url":"https:\/\/www.desbief.com\/WpGuy\/solar-panel-survey\/","name":"Solar Panel Survey - Guy Desbief Ing\u00e9nieur conseil","isPartOf":{"@id":"https:\/\/www.desbief.com\/WpGuy\/#website"},"primaryImageOfPage":{"@id":"https:\/\/www.desbief.com\/WpGuy\/solar-panel-survey\/#primaryimage"},"image":{"@id":"https:\/\/www.desbief.com\/WpGuy\/solar-panel-survey\/#primaryimage"},"thumbnailUrl":"https:\/\/www.desbief.com\/WpGuy\/wp-content\/uploads\/2021\/03\/2021-03-15_17-07_IMG_0676-576x1024.jpg","datePublished":"2021-03-17T15:33:27+00:00","dateModified":"2022-09-17T20:12:20+00:00","breadcrumb":{"@id":"https:\/\/www.desbief.com\/WpGuy\/solar-panel-survey\/#breadcrumb"},"inLanguage":"fr-FR","potentialAction":[{"@type":"ReadAction","target":["https:\/\/www.desbief.com\/WpGuy\/solar-panel-survey\/"]}]},{"@type":"ImageObject","inLanguage":"fr-FR","@id":"https:\/\/www.desbief.com\/WpGuy\/solar-panel-survey\/#primaryimage","url":"https:\/\/www.desbief.com\/WpGuy\/wp-content\/uploads\/2021\/03\/2021-03-15_17-07_IMG_0676.jpg","contentUrl":"https:\/\/www.desbief.com\/WpGuy\/wp-content\/uploads\/2021\/03\/2021-03-15_17-07_IMG_0676.jpg","width":750,"height":1334},{"@type":"BreadcrumbList","@id":"https:\/\/www.desbief.com\/WpGuy\/solar-panel-survey\/#breadcrumb","itemListElement":[{"@type":"ListItem","position":1,"name":"Accueil","item":"https:\/\/www.desbief.com\/WpGuy\/"},{"@type":"ListItem","position":2,"name":"Solar Panel Survey"}]},{"@type":"WebSite","@id":"https:\/\/www.desbief.com\/WpGuy\/#website","url":"https:\/\/www.desbief.com\/WpGuy\/","name":"Guy Desbief Ing\u00e9nieur conseil","description":"Electronique, Informatique, Eco-Efficacit\u00e9 \u00e9nerg\u00e9tique conseil juridique","publisher":{"@id":"https:\/\/www.desbief.com\/WpGuy\/#organization"},"potentialAction":[{"@type":"SearchAction","target":{"@type":"EntryPoint","urlTemplate":"https:\/\/www.desbief.com\/WpGuy\/?s={search_term_string}"},"query-input":{"@type":"PropertyValueSpecification","valueRequired":true,"valueName":"search_term_string"}}],"inLanguage":"fr-FR"},{"@type":"Organization","@id":"https:\/\/www.desbief.com\/WpGuy\/#organization","name":"Guy Desbief Ing\u00e9nieur conseil","url":"https:\/\/www.desbief.com\/WpGuy\/","logo":{"@type":"ImageObject","inLanguage":"fr-FR","@id":"https:\/\/www.desbief.com\/WpGuy\/#\/schema\/logo\/image\/","url":"https:\/\/www.desbief.com\/WpGuy\/wp-content\/uploads\/2021\/03\/cropped-cropped-ef-enLogoCarteDeVisiteGuyCrop-2-1.jpg","contentUrl":"https:\/\/www.desbief.com\/WpGuy\/wp-content\/uploads\/2021\/03\/cropped-cropped-ef-enLogoCarteDeVisiteGuyCrop-2-1.jpg","width":190,"height":190,"caption":"Guy Desbief Ing\u00e9nieur conseil"},"image":{"@id":"https:\/\/www.desbief.com\/WpGuy\/#\/schema\/logo\/image\/"}}]}},"_links":{"self":[{"href":"https:\/\/www.desbief.com\/WpGuy\/wp-json\/wp\/v2\/pages\/1092","targetHints":{"allow":["GET"]}}],"collection":[{"href":"https:\/\/www.desbief.com\/WpGuy\/wp-json\/wp\/v2\/pages"}],"about":[{"href":"https:\/\/www.desbief.com\/WpGuy\/wp-json\/wp\/v2\/types\/page"}],"author":[{"embeddable":true,"href":"https:\/\/www.desbief.com\/WpGuy\/wp-json\/wp\/v2\/users\/3"}],"replies":[{"embeddable":true,"href":"https:\/\/www.desbief.com\/WpGuy\/wp-json\/wp\/v2\/comments?post=1092"}],"version-history":[{"count":3,"href":"https:\/\/www.desbief.com\/WpGuy\/wp-json\/wp\/v2\/pages\/1092\/revisions"}],"predecessor-version":[{"id":1407,"href":"https:\/\/www.desbief.com\/WpGuy\/wp-json\/wp\/v2\/pages\/1092\/revisions\/1407"}],"wp:attachment":[{"href":"https:\/\/www.desbief.com\/WpGuy\/wp-json\/wp\/v2\/media?parent=1092"}],"curies":[{"name":"wp","href":"https:\/\/api.w.org\/{rel}","templated":true}]}}