{"id":2444,"date":"2021-12-27T17:19:48","date_gmt":"2021-12-27T16:19:48","guid":{"rendered":"https:\/\/www.desbief.com\/WpGenealogie\/?page_id=2444"},"modified":"2026-01-22T16:50:20","modified_gmt":"2026-01-22T15:50:20","slug":"import-desbief","status":"publish","type":"page","link":"https:\/\/www.desbief.com\/WpGenealogie\/import-desbief\/","title":{"rendered":"G\u00e9n\u00e9alogie Desbief depuis 1893 (Notre Gd p\u00e8re en commun)"},"content":{"rendered":"","protected":true},"excerpt":{"rendered":"","protected":true},"author":1,"featured_media":0,"parent":0,"menu_order":0,"comment_status":"closed","ping_status":"closed","template":"","meta":{"footnotes":""},"class_list":["post-2444","page","type-page","status-publish","post-password-required","hentry","entry"],"yoast_head":"<!-- This site is optimized with the Yoast SEO plugin v27.5 - https:\/\/yoast.com\/product\/yoast-seo-wordpress\/ -->\n<title>G\u00e9n\u00e9alogie Desbief depuis 1893 (Notre Gd p\u00e8re en commun) - G\u00e9n\u00e9alogie Desbief<\/title>\n<meta name=\"robots\" content=\"index, follow, max-snippet:-1, max-image-preview:large, max-video-preview:-1\" \/>\n<link rel=\"canonical\" href=\"https:\/\/www.desbief.com\/WpGenealogie\/import-desbief\/\" \/>\n<meta property=\"og:locale\" content=\"fr_FR\" \/>\n<meta property=\"og:type\" content=\"article\" \/>\n<meta property=\"og:title\" content=\"G\u00e9n\u00e9alogie Desbief depuis 1893 (Notre Gd p\u00e8re en commun) - G\u00e9n\u00e9alogie Desbief\" \/>\n<meta property=\"og:description\" content=\"Il n\u2019y a pas d\u2019extrait, car cette publication est prot\u00e9g\u00e9e.\" \/>\n<meta property=\"og:url\" content=\"https:\/\/www.desbief.com\/WpGenealogie\/import-desbief\/\" \/>\n<meta property=\"og:site_name\" content=\"G\u00e9n\u00e9alogie Desbief\" \/>\n<meta property=\"article:modified_time\" content=\"2026-01-22T15:50:20+00:00\" \/>\n<meta name=\"twitter:card\" content=\"summary_large_image\" \/>\n<script type=\"application\/ld+json\" class=\"yoast-schema-graph\">{\"@context\":\"https:\\\/\\\/schema.org\",\"@graph\":[{\"@type\":\"WebPage\",\"@id\":\"https:\\\/\\\/www.desbief.com\\\/WpGenealogie\\\/import-desbief\\\/\",\"url\":\"https:\\\/\\\/www.desbief.com\\\/WpGenealogie\\\/import-desbief\\\/\",\"name\":\"G\u00e9n\u00e9alogie Desbief depuis 1893 (Notre Gd p\u00e8re en commun) - G\u00e9n\u00e9alogie Desbief\",\"isPartOf\":{\"@id\":\"https:\\\/\\\/www.desbief.com\\\/WpGenealogie\\\/#website\"},\"datePublished\":\"2021-12-27T16:19:48+00:00\",\"dateModified\":\"2026-01-22T15:50:20+00:00\",\"breadcrumb\":{\"@id\":\"https:\\\/\\\/www.desbief.com\\\/WpGenealogie\\\/import-desbief\\\/#breadcrumb\"},\"inLanguage\":\"fr-FR\"},{\"@type\":\"WebSite\",\"@id\":\"https:\\\/\\\/www.desbief.com\\\/WpGenealogie\\\/#website\",\"url\":\"https:\\\/\\\/www.desbief.com\\\/WpGenealogie\\\/\",\"name\":\"G\u00e9n\u00e9alogie Desbief\",\"description\":\"Pour que chacun trouve ses racines!!!\",\"potentialAction\":[{\"@type\":\"SearchAction\",\"target\":{\"@type\":\"EntryPoint\",\"urlTemplate\":\"https:\\\/\\\/www.desbief.com\\\/WpGenealogie\\\/?s={search_term_string}\"},\"query-input\":{\"@type\":\"PropertyValueSpecification\",\"valueRequired\":true,\"valueName\":\"search_term_string\"}}],\"inLanguage\":\"fr-FR\"}]}<\/script>\n<!-- \/ Yoast SEO plugin. -->","yoast_head_json":{"title":"G\u00e9n\u00e9alogie Desbief depuis 1893 (Notre Gd p\u00e8re en commun) - G\u00e9n\u00e9alogie Desbief","robots":{"index":"index","follow":"follow","max-snippet":"max-snippet:-1","max-image-preview":"max-image-preview:large","max-video-preview":"max-video-preview:-1"},"canonical":"https:\/\/www.desbief.com\/WpGenealogie\/import-desbief\/","og_locale":"fr_FR","og_type":"article","og_title":"G\u00e9n\u00e9alogie Desbief depuis 1893 (Notre Gd p\u00e8re en commun) - G\u00e9n\u00e9alogie Desbief","og_description":"Il n\u2019y a pas d\u2019extrait, car cette publication est prot\u00e9g\u00e9e.","og_url":"https:\/\/www.desbief.com\/WpGenealogie\/import-desbief\/","og_site_name":"G\u00e9n\u00e9alogie Desbief","article_modified_time":"2026-01-22T15:50:20+00:00","twitter_card":"summary_large_image","schema":{"@context":"https:\/\/schema.org","@graph":[{"@type":"WebPage","@id":"https:\/\/www.desbief.com\/WpGenealogie\/import-desbief\/","url":"https:\/\/www.desbief.com\/WpGenealogie\/import-desbief\/","name":"G\u00e9n\u00e9alogie Desbief depuis 1893 (Notre Gd p\u00e8re en commun) - G\u00e9n\u00e9alogie Desbief","isPartOf":{"@id":"https:\/\/www.desbief.com\/WpGenealogie\/#website"},"datePublished":"2021-12-27T16:19:48+00:00","dateModified":"2026-01-22T15:50:20+00:00","breadcrumb":{"@id":"https:\/\/www.desbief.com\/WpGenealogie\/import-desbief\/#breadcrumb"},"inLanguage":"fr-FR"},{"@type":"WebSite","@id":"https:\/\/www.desbief.com\/WpGenealogie\/#website","url":"https:\/\/www.desbief.com\/WpGenealogie\/","name":"G\u00e9n\u00e9alogie Desbief","description":"Pour que chacun trouve ses racines!!!","potentialAction":[{"@type":"SearchAction","target":{"@type":"EntryPoint","urlTemplate":"https:\/\/www.desbief.com\/WpGenealogie\/?s={search_term_string}"},"query-input":{"@type":"PropertyValueSpecification","valueRequired":true,"valueName":"search_term_string"}}],"inLanguage":"fr-FR"}]}},"_links":{"self":[{"href":"https:\/\/www.desbief.com\/WpGenealogie\/wp-json\/wp\/v2\/pages\/2444","targetHints":{"allow":["GET"]}}],"collection":[{"href":"https:\/\/www.desbief.com\/WpGenealogie\/wp-json\/wp\/v2\/pages"}],"about":[{"href":"https:\/\/www.desbief.com\/WpGenealogie\/wp-json\/wp\/v2\/types\/page"}],"author":[{"embeddable":true,"href":"https:\/\/www.desbief.com\/WpGenealogie\/wp-json\/wp\/v2\/users\/1"}],"replies":[{"embeddable":true,"href":"https:\/\/www.desbief.com\/WpGenealogie\/wp-json\/wp\/v2\/comments?post=2444"}],"version-history":[{"count":6,"href":"https:\/\/www.desbief.com\/WpGenealogie\/wp-json\/wp\/v2\/pages\/2444\/revisions"}],"predecessor-version":[{"id":2752,"href":"https:\/\/www.desbief.com\/WpGenealogie\/wp-json\/wp\/v2\/pages\/2444\/revisions\/2752"}],"wp:attachment":[{"href":"https:\/\/www.desbief.com\/WpGenealogie\/wp-json\/wp\/v2\/media?parent=2444"}],"curies":[{"name":"wp","href":"https:\/\/api.w.org\/{rel}","templated":true}]}}